{"id":93,"date":"2020-11-13T11:06:19","date_gmt":"2020-11-13T11:06:19","guid":{"rendered":"http:\/\/real-marina-hotel-spa.ms.decms.eu\/?page_id=93"},"modified":"2024-02-29T14:15:34","modified_gmt":"2024-02-29T14:15:34","slug":"quartos-e-suites","status":"publish","type":"page","link":"https:\/\/www.realmarina.realhotelsgroup.com\/pt-pt\/quartos-e-suites\/","title":{"rendered":"Quartos e Suites"},"content":{"rendered":"<p>Para um harmonioso amanhecer junto \u00e0 Ria Formosa, o <strong>Real Marina Hotel &amp; Spa<\/strong> disp\u00f5e de 132 <strong>quartos<\/strong> e 12 <strong>suites<\/strong>. Visite <strong>Olh\u00e3o<\/strong> e prefira o conforto de um <strong>quarto de hotel<\/strong> com um servi\u00e7o 5 estrelas.<\/p>\n<p>A decora\u00e7\u00e3o contempor\u00e2nea \u00e9 da autoria de uma das mais conceituadas decoradoras nacionais, Gra\u00e7a Viterbo. Todos os quartos e suites t\u00eam uma vista privilegiada sobre a imponente Ria Formosa, ou para zonas verdes e cidade, proporcionando-lhe um acordar verdadeiramente natural.<\/p>\n<p>Os <strong>quartos e suites<\/strong> est\u00e3o equipados com <strong>ar condicionado, internet Wi-Fi gratuita TV LCD<\/strong> que convidam \u00e0 tranquilidade e bem-estar.<\/p>\n","protected":false},"excerpt":{"rendered":"<p>Para um harmonioso amanhecer junto \u00e0 Ria Formosa, o Real Marina Hotel &amp; Spa disp\u00f5e de 132 quartos e 12 suites. Visite Olh\u00e3o e prefira o conforto de um quarto de hotel com um servi\u00e7o 5 estrelas. A decora\u00e7\u00e3o contempor\u00e2nea \u00e9 da autoria de uma das mais conceituadas decoradoras nacionais, Gra\u00e7a Viterbo. Todos os quartos [&hellip;]<\/p>\n","protected":false},"author":36,"featured_media":0,"parent":0,"menu_order":20,"comment_status":"closed","ping_status":"closed","template":"template-rooms.php","meta":{"footnotes":""},"class_list":["post-93","page","type-page","status-publish","hentry"],"yoast_head":"<!-- This site is optimized with the Yoast SEO plugin v26.9 - https:\/\/yoast.com\/product\/yoast-seo-wordpress\/ -->\n<title>Quartos e Suites - Real Marina Hotel &amp; Spa<\/title>\n<meta name=\"robots\" content=\"index, follow, max-snippet:-1, max-image-preview:large, max-video-preview:-1\" \/>\n<link rel=\"canonical\" href=\"https:\/\/www.realmarina.realhotelsgroup.com\/pt-pt\/quartos-e-suites\/\" \/>\n<meta property=\"og:locale\" content=\"pt_PT\" \/>\n<meta property=\"og:type\" content=\"article\" \/>\n<meta property=\"og:title\" content=\"Quartos e Suites - Real Marina Hotel &amp; Spa\" \/>\n<meta property=\"og:description\" content=\"Para um harmonioso amanhecer junto \u00e0 Ria Formosa, o Real Marina Hotel &amp; Spa disp\u00f5e de 132 quartos e 12 suites. Visite Olh\u00e3o e prefira o conforto de um quarto de hotel com um servi\u00e7o 5 estrelas. A decora\u00e7\u00e3o contempor\u00e2nea \u00e9 da autoria de uma das mais conceituadas decoradoras nacionais, Gra\u00e7a Viterbo. Todos os quartos [&hellip;]\" \/>\n<meta property=\"og:url\" content=\"https:\/\/www.realmarina.realhotelsgroup.com\/pt-pt\/quartos-e-suites\/\" \/>\n<meta property=\"og:site_name\" content=\"Real Marina Hotel &amp; Spa\" \/>\n<meta property=\"article:modified_time\" content=\"2024-02-29T14:15:34+00:00\" \/>\n<meta name=\"twitter:card\" content=\"summary_large_image\" \/>\n<script type=\"application\/ld+json\" class=\"yoast-schema-graph\">{\"@context\":\"https:\/\/schema.org\",\"@graph\":[{\"@type\":\"WebPage\",\"@id\":\"https:\/\/www.realmarina.realhotelsgroup.com\/pt-pt\/quartos-e-suites\/\",\"url\":\"https:\/\/www.realmarina.realhotelsgroup.com\/pt-pt\/quartos-e-suites\/\",\"name\":\"Quartos e Suites - Real Marina Hotel & Spa\",\"isPartOf\":{\"@id\":\"https:\/\/www.realmarina.realhotelsgroup.com\/pt-pt\/#website\"},\"datePublished\":\"2020-11-13T11:06:19+00:00\",\"dateModified\":\"2024-02-29T14:15:34+00:00\",\"breadcrumb\":{\"@id\":\"https:\/\/www.realmarina.realhotelsgroup.com\/pt-pt\/quartos-e-suites\/#breadcrumb\"},\"inLanguage\":\"pt-PT\",\"potentialAction\":[{\"@type\":\"ReadAction\",\"target\":[\"https:\/\/www.realmarina.realhotelsgroup.com\/pt-pt\/quartos-e-suites\/\"]}]},{\"@type\":\"BreadcrumbList\",\"@id\":\"https:\/\/www.realmarina.realhotelsgroup.com\/pt-pt\/quartos-e-suites\/#breadcrumb\",\"itemListElement\":[{\"@type\":\"ListItem\",\"position\":1,\"name\":\"Home\",\"item\":\"https:\/\/www.realmarina.realhotelsgroup.com\/pt-pt\/\"},{\"@type\":\"ListItem\",\"position\":2,\"name\":\"Quartos e Suites\"}]},{\"@type\":\"WebSite\",\"@id\":\"https:\/\/www.realmarina.realhotelsgroup.com\/pt-pt\/#website\",\"url\":\"https:\/\/www.realmarina.realhotelsgroup.com\/pt-pt\/\",\"name\":\"Real Marina Hotel & Spa\",\"description\":\"Just another ms.decms.eu site\",\"potentialAction\":[{\"@type\":\"SearchAction\",\"target\":{\"@type\":\"EntryPoint\",\"urlTemplate\":\"https:\/\/www.realmarina.realhotelsgroup.com\/pt-pt\/?s={search_term_string}\"},\"query-input\":{\"@type\":\"PropertyValueSpecification\",\"valueRequired\":true,\"valueName\":\"search_term_string\"}}],\"inLanguage\":\"pt-PT\"}]}<\/script>\n<!-- \/ Yoast SEO plugin. -->","yoast_head_json":{"title":"Quartos e Suites - Real Marina Hotel & Spa","robots":{"index":"index","follow":"follow","max-snippet":"max-snippet:-1","max-image-preview":"max-image-preview:large","max-video-preview":"max-video-preview:-1"},"canonical":"https:\/\/www.realmarina.realhotelsgroup.com\/pt-pt\/quartos-e-suites\/","og_locale":"pt_PT","og_type":"article","og_title":"Quartos e Suites - Real Marina Hotel & Spa","og_description":"Para um harmonioso amanhecer junto \u00e0 Ria Formosa, o Real Marina Hotel &amp; Spa disp\u00f5e de 132 quartos e 12 suites. Visite Olh\u00e3o e prefira o conforto de um quarto de hotel com um servi\u00e7o 5 estrelas. A decora\u00e7\u00e3o contempor\u00e2nea \u00e9 da autoria de uma das mais conceituadas decoradoras nacionais, Gra\u00e7a Viterbo. Todos os quartos [&hellip;]","og_url":"https:\/\/www.realmarina.realhotelsgroup.com\/pt-pt\/quartos-e-suites\/","og_site_name":"Real Marina Hotel & Spa","article_modified_time":"2024-02-29T14:15:34+00:00","twitter_card":"summary_large_image","schema":{"@context":"https:\/\/schema.org","@graph":[{"@type":"WebPage","@id":"https:\/\/www.realmarina.realhotelsgroup.com\/pt-pt\/quartos-e-suites\/","url":"https:\/\/www.realmarina.realhotelsgroup.com\/pt-pt\/quartos-e-suites\/","name":"Quartos e Suites - Real Marina Hotel & Spa","isPartOf":{"@id":"https:\/\/www.realmarina.realhotelsgroup.com\/pt-pt\/#website"},"datePublished":"2020-11-13T11:06:19+00:00","dateModified":"2024-02-29T14:15:34+00:00","breadcrumb":{"@id":"https:\/\/www.realmarina.realhotelsgroup.com\/pt-pt\/quartos-e-suites\/#breadcrumb"},"inLanguage":"pt-PT","potentialAction":[{"@type":"ReadAction","target":["https:\/\/www.realmarina.realhotelsgroup.com\/pt-pt\/quartos-e-suites\/"]}]},{"@type":"BreadcrumbList","@id":"https:\/\/www.realmarina.realhotelsgroup.com\/pt-pt\/quartos-e-suites\/#breadcrumb","itemListElement":[{"@type":"ListItem","position":1,"name":"Home","item":"https:\/\/www.realmarina.realhotelsgroup.com\/pt-pt\/"},{"@type":"ListItem","position":2,"name":"Quartos e Suites"}]},{"@type":"WebSite","@id":"https:\/\/www.realmarina.realhotelsgroup.com\/pt-pt\/#website","url":"https:\/\/www.realmarina.realhotelsgroup.com\/pt-pt\/","name":"Real Marina Hotel & Spa","description":"Just another ms.decms.eu site","potentialAction":[{"@type":"SearchAction","target":{"@type":"EntryPoint","urlTemplate":"https:\/\/www.realmarina.realhotelsgroup.com\/pt-pt\/?s={search_term_string}"},"query-input":{"@type":"PropertyValueSpecification","valueRequired":true,"valueName":"search_term_string"}}],"inLanguage":"pt-PT"}]}},"acf":[],"_links":{"self":[{"href":"https:\/\/www.realmarina.realhotelsgroup.com\/pt-pt\/wp-json\/wp\/v2\/pages\/93","targetHints":{"allow":["GET"]}}],"collection":[{"href":"https:\/\/www.realmarina.realhotelsgroup.com\/pt-pt\/wp-json\/wp\/v2\/pages"}],"about":[{"href":"https:\/\/www.realmarina.realhotelsgroup.com\/pt-pt\/wp-json\/wp\/v2\/types\/page"}],"author":[{"embeddable":true,"href":"https:\/\/www.realmarina.realhotelsgroup.com\/pt-pt\/wp-json\/wp\/v2\/users\/36"}],"replies":[{"embeddable":true,"href":"https:\/\/www.realmarina.realhotelsgroup.com\/pt-pt\/wp-json\/wp\/v2\/comments?post=93"}],"version-history":[{"count":0,"href":"https:\/\/www.realmarina.realhotelsgroup.com\/pt-pt\/wp-json\/wp\/v2\/pages\/93\/revisions"}],"wp:attachment":[{"href":"https:\/\/www.realmarina.realhotelsgroup.com\/pt-pt\/wp-json\/wp\/v2\/media?parent=93"}],"curies":[{"name":"wp","href":"https:\/\/api.w.org\/{rel}","templated":true}]}}