{"id":894,"date":"2022-02-28T19:50:59","date_gmt":"2022-02-28T19:50:59","guid":{"rendered":"https:\/\/www.realmarina.realhotelsgroup.com\/?page_id=894"},"modified":"2026-03-11T14:51:54","modified_gmt":"2026-03-11T14:51:54","slug":"brunch","status":"publish","type":"page","link":"https:\/\/www.realmarina.realhotelsgroup.com\/pt-pt\/restaurantes-e-bares\/brunch\/","title":{"rendered":"Brunch na Ria"},"content":{"rendered":"<p data-start=\"59\" data-end=\"446\">Passe o seu domingo a desfrutar de um generoso brunch no\u00a0<strong data-start=\"116\" data-end=\"135\">Restaurante Ria<\/strong>, no\u00a0<strong data-start=\"140\" data-end=\"167\">Real Marina Hotel &amp; Spa<\/strong>. Inspirado nos sabores do Algarve e em cl\u00e1ssicos internacionais, o\u00a0<strong data-start=\"235\" data-end=\"252\">Brunch da Ria<\/strong>\u00a0re\u00fane uma deliciosa sele\u00e7\u00e3o de p\u00e3es e viennoiseries acabados de fazer, pratos quentes preparados pelo chef, saladas frescas, queijos e charcutaria, pasta e risotto, sobremesas e fruta da \u00e9poca.<\/p>\n<p data-start=\"448\" data-end=\"533\">Perfeito para desfrutar em fam\u00edlia ou entre amigos, com vista para a marina de Olh\u00e3o.<\/p>\n","protected":false},"excerpt":{"rendered":"<p>Passe o seu domingo a desfrutar de um generoso brunch no\u00a0Restaurante Ria, no\u00a0Real Marina Hotel &amp; Spa. Inspirado nos sabores do Algarve e em cl\u00e1ssicos internacionais, o\u00a0Brunch da Ria\u00a0re\u00fane uma deliciosa sele\u00e7\u00e3o de p\u00e3es e viennoiseries acabados de fazer, pratos quentes preparados pelo chef, saladas frescas, queijos e charcutaria, pasta e risotto, sobremesas e fruta [&hellip;]<\/p>\n","protected":false},"author":241,"featured_media":0,"parent":148,"menu_order":0,"comment_status":"closed","ping_status":"closed","template":"template-restaurant.php","meta":{"footnotes":""},"class_list":["post-894","page","type-page","status-publish","hentry"],"yoast_head":"<!-- This site is optimized with the Yoast SEO plugin v26.9 - https:\/\/yoast.com\/product\/yoast-seo-wordpress\/ -->\n<title>Brunch na Ria - Real Marina Hotel &amp; Spa<\/title>\n<meta name=\"robots\" content=\"index, follow, max-snippet:-1, max-image-preview:large, max-video-preview:-1\" \/>\n<link rel=\"canonical\" href=\"https:\/\/www.realmarina.realhotelsgroup.com\/pt-pt\/restaurantes-e-bares\/brunch\/\" \/>\n<meta property=\"og:locale\" content=\"pt_PT\" \/>\n<meta property=\"og:type\" content=\"article\" \/>\n<meta property=\"og:title\" content=\"Brunch na Ria - Real Marina Hotel &amp; Spa\" \/>\n<meta property=\"og:description\" content=\"Passe o seu domingo a desfrutar de um generoso brunch no\u00a0Restaurante Ria, no\u00a0Real Marina Hotel &amp; Spa. Inspirado nos sabores do Algarve e em cl\u00e1ssicos internacionais, o\u00a0Brunch da Ria\u00a0re\u00fane uma deliciosa sele\u00e7\u00e3o de p\u00e3es e viennoiseries acabados de fazer, pratos quentes preparados pelo chef, saladas frescas, queijos e charcutaria, pasta e risotto, sobremesas e fruta [&hellip;]\" \/>\n<meta property=\"og:url\" content=\"https:\/\/www.realmarina.realhotelsgroup.com\/pt-pt\/restaurantes-e-bares\/brunch\/\" \/>\n<meta property=\"og:site_name\" content=\"Real Marina Hotel &amp; Spa\" \/>\n<meta property=\"article:modified_time\" content=\"2026-03-11T14:51:54+00:00\" \/>\n<meta name=\"twitter:card\" content=\"summary_large_image\" \/>\n<meta name=\"twitter:label1\" content=\"Tempo estimado de leitura\" \/>\n\t<meta name=\"twitter:data1\" content=\"1 minuto\" \/>\n<script type=\"application\/ld+json\" class=\"yoast-schema-graph\">{\"@context\":\"https:\/\/schema.org\",\"@graph\":[{\"@type\":\"WebPage\",\"@id\":\"https:\/\/www.realmarina.realhotelsgroup.com\/pt-pt\/restaurantes-e-bares\/brunch\/\",\"url\":\"https:\/\/www.realmarina.realhotelsgroup.com\/pt-pt\/restaurantes-e-bares\/brunch\/\",\"name\":\"Brunch na Ria - Real Marina Hotel & Spa\",\"isPartOf\":{\"@id\":\"https:\/\/www.realmarina.realhotelsgroup.com\/pt-pt\/#website\"},\"datePublished\":\"2022-02-28T19:50:59+00:00\",\"dateModified\":\"2026-03-11T14:51:54+00:00\",\"breadcrumb\":{\"@id\":\"https:\/\/www.realmarina.realhotelsgroup.com\/pt-pt\/restaurantes-e-bares\/brunch\/#breadcrumb\"},\"inLanguage\":\"pt-PT\",\"potentialAction\":[{\"@type\":\"ReadAction\",\"target\":[\"https:\/\/www.realmarina.realhotelsgroup.com\/pt-pt\/restaurantes-e-bares\/brunch\/\"]}]},{\"@type\":\"BreadcrumbList\",\"@id\":\"https:\/\/www.realmarina.realhotelsgroup.com\/pt-pt\/restaurantes-e-bares\/brunch\/#breadcrumb\",\"itemListElement\":[{\"@type\":\"ListItem\",\"position\":1,\"name\":\"Home\",\"item\":\"https:\/\/www.realmarina.realhotelsgroup.com\/pt-pt\/\"},{\"@type\":\"ListItem\",\"position\":2,\"name\":\"Restaurantes e Bares\",\"item\":\"https:\/\/www.realmarina.realhotelsgroup.com\/pt-pt\/restaurantes-e-bares\/\"},{\"@type\":\"ListItem\",\"position\":3,\"name\":\"Brunch na Ria\"}]},{\"@type\":\"WebSite\",\"@id\":\"https:\/\/www.realmarina.realhotelsgroup.com\/pt-pt\/#website\",\"url\":\"https:\/\/www.realmarina.realhotelsgroup.com\/pt-pt\/\",\"name\":\"Real Marina Hotel & Spa\",\"description\":\"Just another ms.decms.eu site\",\"potentialAction\":[{\"@type\":\"SearchAction\",\"target\":{\"@type\":\"EntryPoint\",\"urlTemplate\":\"https:\/\/www.realmarina.realhotelsgroup.com\/pt-pt\/?s={search_term_string}\"},\"query-input\":{\"@type\":\"PropertyValueSpecification\",\"valueRequired\":true,\"valueName\":\"search_term_string\"}}],\"inLanguage\":\"pt-PT\"}]}<\/script>\n<!-- \/ Yoast SEO plugin. -->","yoast_head_json":{"title":"Brunch na Ria - Real Marina Hotel & Spa","robots":{"index":"index","follow":"follow","max-snippet":"max-snippet:-1","max-image-preview":"max-image-preview:large","max-video-preview":"max-video-preview:-1"},"canonical":"https:\/\/www.realmarina.realhotelsgroup.com\/pt-pt\/restaurantes-e-bares\/brunch\/","og_locale":"pt_PT","og_type":"article","og_title":"Brunch na Ria - Real Marina Hotel & Spa","og_description":"Passe o seu domingo a desfrutar de um generoso brunch no\u00a0Restaurante Ria, no\u00a0Real Marina Hotel &amp; Spa. Inspirado nos sabores do Algarve e em cl\u00e1ssicos internacionais, o\u00a0Brunch da Ria\u00a0re\u00fane uma deliciosa sele\u00e7\u00e3o de p\u00e3es e viennoiseries acabados de fazer, pratos quentes preparados pelo chef, saladas frescas, queijos e charcutaria, pasta e risotto, sobremesas e fruta [&hellip;]","og_url":"https:\/\/www.realmarina.realhotelsgroup.com\/pt-pt\/restaurantes-e-bares\/brunch\/","og_site_name":"Real Marina Hotel & Spa","article_modified_time":"2026-03-11T14:51:54+00:00","twitter_card":"summary_large_image","twitter_misc":{"Tempo estimado de leitura":"1 minuto"},"schema":{"@context":"https:\/\/schema.org","@graph":[{"@type":"WebPage","@id":"https:\/\/www.realmarina.realhotelsgroup.com\/pt-pt\/restaurantes-e-bares\/brunch\/","url":"https:\/\/www.realmarina.realhotelsgroup.com\/pt-pt\/restaurantes-e-bares\/brunch\/","name":"Brunch na Ria - Real Marina Hotel & Spa","isPartOf":{"@id":"https:\/\/www.realmarina.realhotelsgroup.com\/pt-pt\/#website"},"datePublished":"2022-02-28T19:50:59+00:00","dateModified":"2026-03-11T14:51:54+00:00","breadcrumb":{"@id":"https:\/\/www.realmarina.realhotelsgroup.com\/pt-pt\/restaurantes-e-bares\/brunch\/#breadcrumb"},"inLanguage":"pt-PT","potentialAction":[{"@type":"ReadAction","target":["https:\/\/www.realmarina.realhotelsgroup.com\/pt-pt\/restaurantes-e-bares\/brunch\/"]}]},{"@type":"BreadcrumbList","@id":"https:\/\/www.realmarina.realhotelsgroup.com\/pt-pt\/restaurantes-e-bares\/brunch\/#breadcrumb","itemListElement":[{"@type":"ListItem","position":1,"name":"Home","item":"https:\/\/www.realmarina.realhotelsgroup.com\/pt-pt\/"},{"@type":"ListItem","position":2,"name":"Restaurantes e Bares","item":"https:\/\/www.realmarina.realhotelsgroup.com\/pt-pt\/restaurantes-e-bares\/"},{"@type":"ListItem","position":3,"name":"Brunch na Ria"}]},{"@type":"WebSite","@id":"https:\/\/www.realmarina.realhotelsgroup.com\/pt-pt\/#website","url":"https:\/\/www.realmarina.realhotelsgroup.com\/pt-pt\/","name":"Real Marina Hotel & Spa","description":"Just another ms.decms.eu site","potentialAction":[{"@type":"SearchAction","target":{"@type":"EntryPoint","urlTemplate":"https:\/\/www.realmarina.realhotelsgroup.com\/pt-pt\/?s={search_term_string}"},"query-input":{"@type":"PropertyValueSpecification","valueRequired":true,"valueName":"search_term_string"}}],"inLanguage":"pt-PT"}]}},"acf":[],"_links":{"self":[{"href":"https:\/\/www.realmarina.realhotelsgroup.com\/pt-pt\/wp-json\/wp\/v2\/pages\/894","targetHints":{"allow":["GET"]}}],"collection":[{"href":"https:\/\/www.realmarina.realhotelsgroup.com\/pt-pt\/wp-json\/wp\/v2\/pages"}],"about":[{"href":"https:\/\/www.realmarina.realhotelsgroup.com\/pt-pt\/wp-json\/wp\/v2\/types\/page"}],"author":[{"embeddable":true,"href":"https:\/\/www.realmarina.realhotelsgroup.com\/pt-pt\/wp-json\/wp\/v2\/users\/241"}],"replies":[{"embeddable":true,"href":"https:\/\/www.realmarina.realhotelsgroup.com\/pt-pt\/wp-json\/wp\/v2\/comments?post=894"}],"version-history":[{"count":0,"href":"https:\/\/www.realmarina.realhotelsgroup.com\/pt-pt\/wp-json\/wp\/v2\/pages\/894\/revisions"}],"up":[{"embeddable":true,"href":"https:\/\/www.realmarina.realhotelsgroup.com\/pt-pt\/wp-json\/wp\/v2\/pages\/148"}],"wp:attachment":[{"href":"https:\/\/www.realmarina.realhotelsgroup.com\/pt-pt\/wp-json\/wp\/v2\/media?parent=894"}],"curies":[{"name":"wp","href":"https:\/\/api.w.org\/{rel}","templated":true}]}}