{"id":332,"date":"2020-11-17T14:48:04","date_gmt":"2020-11-17T14:48:04","guid":{"rendered":"http:\/\/real-marina-hotel-spa.ms.decms.eu\/?page_id=332"},"modified":"2021-10-28T13:31:12","modified_gmt":"2021-10-28T13:31:12","slug":"olhao","status":"publish","type":"page","link":"https:\/\/www.realmarina.realhotelsgroup.com\/pt-pt\/olhao\/","title":{"rendered":"Olh\u00e3o"},"content":{"rendered":"<p>A Ria Formosa de \u00e1guas tranquilas, para\u00edso dos apreciadores da natureza. Ao fundo, o pontilhado branco do casario. Atractivos de Olh\u00e3o e do seu concelho, espa\u00e7o de f\u00e9rias feitas de sol, de vida e de m\u00faltiplos encantos. A casti\u00e7a Olh\u00e3o \u00e9 uma excelente base para quem busca as tranquilas dunas das ilhas de Armona, Culatra e Fuseta.<\/p>\n","protected":false},"excerpt":{"rendered":"<p>A Ria Formosa de \u00e1guas tranquilas, para\u00edso dos apreciadores da natureza. Ao fundo, o pontilhado branco do casario. Atractivos de Olh\u00e3o e do seu concelho, espa\u00e7o de f\u00e9rias feitas de sol, de vida e de m\u00faltiplos encantos. A casti\u00e7a Olh\u00e3o \u00e9 uma excelente base para quem busca as tranquilas dunas das ilhas de Armona, Culatra [&hellip;]<\/p>\n","protected":false},"author":36,"featured_media":0,"parent":0,"menu_order":100,"comment_status":"closed","ping_status":"closed","template":"","meta":{"footnotes":""},"class_list":["post-332","page","type-page","status-publish","hentry"],"yoast_head":"<!-- This site is optimized with the Yoast SEO plugin v26.9 - https:\/\/yoast.com\/product\/yoast-seo-wordpress\/ -->\n<title>Olh\u00e3o - Real Marina Hotel &amp; Spa<\/title>\n<meta name=\"robots\" content=\"index, follow, max-snippet:-1, max-image-preview:large, max-video-preview:-1\" \/>\n<link rel=\"canonical\" href=\"https:\/\/www.realmarina.realhotelsgroup.com\/pt-pt\/olhao\/\" \/>\n<meta property=\"og:locale\" content=\"pt_PT\" \/>\n<meta property=\"og:type\" content=\"article\" \/>\n<meta property=\"og:title\" content=\"Olh\u00e3o - Real Marina Hotel &amp; Spa\" \/>\n<meta property=\"og:description\" content=\"A Ria Formosa de \u00e1guas tranquilas, para\u00edso dos apreciadores da natureza. Ao fundo, o pontilhado branco do casario. Atractivos de Olh\u00e3o e do seu concelho, espa\u00e7o de f\u00e9rias feitas de sol, de vida e de m\u00faltiplos encantos. A casti\u00e7a Olh\u00e3o \u00e9 uma excelente base para quem busca as tranquilas dunas das ilhas de Armona, Culatra [&hellip;]\" \/>\n<meta property=\"og:url\" content=\"https:\/\/www.realmarina.realhotelsgroup.com\/pt-pt\/olhao\/\" \/>\n<meta property=\"og:site_name\" content=\"Real Marina Hotel &amp; Spa\" \/>\n<meta property=\"article:modified_time\" content=\"2021-10-28T13:31:12+00:00\" \/>\n<meta name=\"twitter:card\" content=\"summary_large_image\" \/>\n<script type=\"application\/ld+json\" class=\"yoast-schema-graph\">{\"@context\":\"https:\/\/schema.org\",\"@graph\":[{\"@type\":\"WebPage\",\"@id\":\"https:\/\/www.realmarina.realhotelsgroup.com\/pt-pt\/olhao\/\",\"url\":\"https:\/\/www.realmarina.realhotelsgroup.com\/pt-pt\/olhao\/\",\"name\":\"Olh\u00e3o - Real Marina Hotel & Spa\",\"isPartOf\":{\"@id\":\"https:\/\/www.realmarina.realhotelsgroup.com\/pt-pt\/#website\"},\"datePublished\":\"2020-11-17T14:48:04+00:00\",\"dateModified\":\"2021-10-28T13:31:12+00:00\",\"breadcrumb\":{\"@id\":\"https:\/\/www.realmarina.realhotelsgroup.com\/pt-pt\/olhao\/#breadcrumb\"},\"inLanguage\":\"pt-PT\",\"potentialAction\":[{\"@type\":\"ReadAction\",\"target\":[\"https:\/\/www.realmarina.realhotelsgroup.com\/pt-pt\/olhao\/\"]}]},{\"@type\":\"BreadcrumbList\",\"@id\":\"https:\/\/www.realmarina.realhotelsgroup.com\/pt-pt\/olhao\/#breadcrumb\",\"itemListElement\":[{\"@type\":\"ListItem\",\"position\":1,\"name\":\"Home\",\"item\":\"https:\/\/www.realmarina.realhotelsgroup.com\/pt-pt\/\"},{\"@type\":\"ListItem\",\"position\":2,\"name\":\"Olh\u00e3o\"}]},{\"@type\":\"WebSite\",\"@id\":\"https:\/\/www.realmarina.realhotelsgroup.com\/pt-pt\/#website\",\"url\":\"https:\/\/www.realmarina.realhotelsgroup.com\/pt-pt\/\",\"name\":\"Real Marina Hotel & Spa\",\"description\":\"Just another ms.decms.eu site\",\"potentialAction\":[{\"@type\":\"SearchAction\",\"target\":{\"@type\":\"EntryPoint\",\"urlTemplate\":\"https:\/\/www.realmarina.realhotelsgroup.com\/pt-pt\/?s={search_term_string}\"},\"query-input\":{\"@type\":\"PropertyValueSpecification\",\"valueRequired\":true,\"valueName\":\"search_term_string\"}}],\"inLanguage\":\"pt-PT\"}]}<\/script>\n<!-- \/ Yoast SEO plugin. -->","yoast_head_json":{"title":"Olh\u00e3o - Real Marina Hotel & Spa","robots":{"index":"index","follow":"follow","max-snippet":"max-snippet:-1","max-image-preview":"max-image-preview:large","max-video-preview":"max-video-preview:-1"},"canonical":"https:\/\/www.realmarina.realhotelsgroup.com\/pt-pt\/olhao\/","og_locale":"pt_PT","og_type":"article","og_title":"Olh\u00e3o - Real Marina Hotel & Spa","og_description":"A Ria Formosa de \u00e1guas tranquilas, para\u00edso dos apreciadores da natureza. Ao fundo, o pontilhado branco do casario. Atractivos de Olh\u00e3o e do seu concelho, espa\u00e7o de f\u00e9rias feitas de sol, de vida e de m\u00faltiplos encantos. A casti\u00e7a Olh\u00e3o \u00e9 uma excelente base para quem busca as tranquilas dunas das ilhas de Armona, Culatra [&hellip;]","og_url":"https:\/\/www.realmarina.realhotelsgroup.com\/pt-pt\/olhao\/","og_site_name":"Real Marina Hotel & Spa","article_modified_time":"2021-10-28T13:31:12+00:00","twitter_card":"summary_large_image","schema":{"@context":"https:\/\/schema.org","@graph":[{"@type":"WebPage","@id":"https:\/\/www.realmarina.realhotelsgroup.com\/pt-pt\/olhao\/","url":"https:\/\/www.realmarina.realhotelsgroup.com\/pt-pt\/olhao\/","name":"Olh\u00e3o - Real Marina Hotel & Spa","isPartOf":{"@id":"https:\/\/www.realmarina.realhotelsgroup.com\/pt-pt\/#website"},"datePublished":"2020-11-17T14:48:04+00:00","dateModified":"2021-10-28T13:31:12+00:00","breadcrumb":{"@id":"https:\/\/www.realmarina.realhotelsgroup.com\/pt-pt\/olhao\/#breadcrumb"},"inLanguage":"pt-PT","potentialAction":[{"@type":"ReadAction","target":["https:\/\/www.realmarina.realhotelsgroup.com\/pt-pt\/olhao\/"]}]},{"@type":"BreadcrumbList","@id":"https:\/\/www.realmarina.realhotelsgroup.com\/pt-pt\/olhao\/#breadcrumb","itemListElement":[{"@type":"ListItem","position":1,"name":"Home","item":"https:\/\/www.realmarina.realhotelsgroup.com\/pt-pt\/"},{"@type":"ListItem","position":2,"name":"Olh\u00e3o"}]},{"@type":"WebSite","@id":"https:\/\/www.realmarina.realhotelsgroup.com\/pt-pt\/#website","url":"https:\/\/www.realmarina.realhotelsgroup.com\/pt-pt\/","name":"Real Marina Hotel & Spa","description":"Just another ms.decms.eu site","potentialAction":[{"@type":"SearchAction","target":{"@type":"EntryPoint","urlTemplate":"https:\/\/www.realmarina.realhotelsgroup.com\/pt-pt\/?s={search_term_string}"},"query-input":{"@type":"PropertyValueSpecification","valueRequired":true,"valueName":"search_term_string"}}],"inLanguage":"pt-PT"}]}},"acf":[],"_links":{"self":[{"href":"https:\/\/www.realmarina.realhotelsgroup.com\/pt-pt\/wp-json\/wp\/v2\/pages\/332","targetHints":{"allow":["GET"]}}],"collection":[{"href":"https:\/\/www.realmarina.realhotelsgroup.com\/pt-pt\/wp-json\/wp\/v2\/pages"}],"about":[{"href":"https:\/\/www.realmarina.realhotelsgroup.com\/pt-pt\/wp-json\/wp\/v2\/types\/page"}],"author":[{"embeddable":true,"href":"https:\/\/www.realmarina.realhotelsgroup.com\/pt-pt\/wp-json\/wp\/v2\/users\/36"}],"replies":[{"embeddable":true,"href":"https:\/\/www.realmarina.realhotelsgroup.com\/pt-pt\/wp-json\/wp\/v2\/comments?post=332"}],"version-history":[{"count":0,"href":"https:\/\/www.realmarina.realhotelsgroup.com\/pt-pt\/wp-json\/wp\/v2\/pages\/332\/revisions"}],"wp:attachment":[{"href":"https:\/\/www.realmarina.realhotelsgroup.com\/pt-pt\/wp-json\/wp\/v2\/media?parent=332"}],"curies":[{"name":"wp","href":"https:\/\/api.w.org\/{rel}","templated":true}]}}