{"id":321,"date":"2020-11-17T13:40:45","date_gmt":"2020-11-17T13:40:45","guid":{"rendered":"http:\/\/real-marina-hotel-spa.ms.decms.eu\/?page_id=321"},"modified":"2025-02-06T14:17:02","modified_gmt":"2025-02-06T14:17:02","slug":"casamentos","status":"publish","type":"page","link":"https:\/\/www.realmarina.realhotelsgroup.com\/pt-pt\/reunioes-e-eventos\/casamentos\/","title":{"rendered":"Casamentos"},"content":{"rendered":"<p>Imagine o seu <strong>casamento num hotel 5 estrelas<\/strong> com a envolv\u00eancia da <strong>natureza como pano de fundo<\/strong>. Em frente \u00e0 magn\u00edfica <strong>Ria Formosa<\/strong>, o <strong>Real Marina Hotel &amp; Spa<\/strong>, em <strong>Olh\u00e3o<\/strong>, \u00e9 o local ideal para realizar um <strong>casamento de sonho<\/strong>.<\/p>\n<p>Um cocktail junto da <strong>piscina<\/strong> com vista para a Ria Formosa, uma <strong>sess\u00e3o fotogr\u00e1fica<\/strong> nas Ilhas ou uma <strong>festa privada com DJ exclusivo<\/strong> s\u00e3o apenas algumas das nossas sugest\u00f5es.<\/p>\n<p>Integrado na paisagem id\u00edlica de uma das <strong>7 Maravilhas Naturais de Portugal<\/strong>, este <strong>hotel<\/strong> \u00e9 o ponto de partida para o in\u00edcio de uma vida a dois.<\/p>\n<p>O Real Marina Hotel &amp; Spa disp\u00f5e de um vasto leque de <strong>servi\u00e7os<\/strong> e uma <strong>equipa de profissionais<\/strong> que est\u00e1 ao seu inteiro dispor para realizar todos os seus desejos e tornar o seu dia de sonho Real.<\/p>\n<p>Visite o nosso\u00a0<strong>site oficial Real Events<\/strong>\u00a0e fique a conhecer estes e outros espa\u00e7os que temos dispon\u00edveis para realizar o seu casamento de sonho.<\/p>\n","protected":false},"excerpt":{"rendered":"<p>Imagine o seu casamento num hotel 5 estrelas com a envolv\u00eancia da natureza como pano de fundo. Em frente \u00e0 magn\u00edfica Ria Formosa, o Real Marina Hotel &amp; Spa, em Olh\u00e3o, \u00e9 o local ideal para realizar um casamento de sonho. Um cocktail junto da piscina com vista para a Ria Formosa, uma sess\u00e3o fotogr\u00e1fica [&hellip;]<\/p>\n","protected":false},"author":36,"featured_media":0,"parent":240,"menu_order":15,"comment_status":"closed","ping_status":"closed","template":"","meta":{"footnotes":""},"class_list":["post-321","page","type-page","status-publish","hentry"],"yoast_head":"<!-- This site is optimized with the Yoast SEO plugin v26.9 - https:\/\/yoast.com\/product\/yoast-seo-wordpress\/ -->\n<title>Casamentos - Real Marina Hotel &amp; Spa<\/title>\n<meta name=\"robots\" content=\"index, follow, max-snippet:-1, max-image-preview:large, max-video-preview:-1\" \/>\n<link rel=\"canonical\" href=\"https:\/\/www.realmarina.realhotelsgroup.com\/pt-pt\/reunioes-e-eventos\/casamentos\/\" \/>\n<meta property=\"og:locale\" content=\"pt_PT\" \/>\n<meta property=\"og:type\" content=\"article\" \/>\n<meta property=\"og:title\" content=\"Casamentos - Real Marina Hotel &amp; Spa\" \/>\n<meta property=\"og:description\" content=\"Imagine o seu casamento num hotel 5 estrelas com a envolv\u00eancia da natureza como pano de fundo. Em frente \u00e0 magn\u00edfica Ria Formosa, o Real Marina Hotel &amp; Spa, em Olh\u00e3o, \u00e9 o local ideal para realizar um casamento de sonho. Um cocktail junto da piscina com vista para a Ria Formosa, uma sess\u00e3o fotogr\u00e1fica [&hellip;]\" \/>\n<meta property=\"og:url\" content=\"https:\/\/www.realmarina.realhotelsgroup.com\/pt-pt\/reunioes-e-eventos\/casamentos\/\" \/>\n<meta property=\"og:site_name\" content=\"Real Marina Hotel &amp; Spa\" \/>\n<meta property=\"article:modified_time\" content=\"2025-02-06T14:17:02+00:00\" \/>\n<meta name=\"twitter:card\" content=\"summary_large_image\" \/>\n<meta name=\"twitter:label1\" content=\"Tempo estimado de leitura\" \/>\n\t<meta name=\"twitter:data1\" content=\"1 minuto\" \/>\n<script type=\"application\/ld+json\" class=\"yoast-schema-graph\">{\"@context\":\"https:\/\/schema.org\",\"@graph\":[{\"@type\":\"WebPage\",\"@id\":\"https:\/\/www.realmarina.realhotelsgroup.com\/pt-pt\/reunioes-e-eventos\/casamentos\/\",\"url\":\"https:\/\/www.realmarina.realhotelsgroup.com\/pt-pt\/reunioes-e-eventos\/casamentos\/\",\"name\":\"Casamentos - Real Marina Hotel & Spa\",\"isPartOf\":{\"@id\":\"https:\/\/www.realmarina.realhotelsgroup.com\/pt-pt\/#website\"},\"datePublished\":\"2020-11-17T13:40:45+00:00\",\"dateModified\":\"2025-02-06T14:17:02+00:00\",\"breadcrumb\":{\"@id\":\"https:\/\/www.realmarina.realhotelsgroup.com\/pt-pt\/reunioes-e-eventos\/casamentos\/#breadcrumb\"},\"inLanguage\":\"pt-PT\",\"potentialAction\":[{\"@type\":\"ReadAction\",\"target\":[\"https:\/\/www.realmarina.realhotelsgroup.com\/pt-pt\/reunioes-e-eventos\/casamentos\/\"]}]},{\"@type\":\"BreadcrumbList\",\"@id\":\"https:\/\/www.realmarina.realhotelsgroup.com\/pt-pt\/reunioes-e-eventos\/casamentos\/#breadcrumb\",\"itemListElement\":[{\"@type\":\"ListItem\",\"position\":1,\"name\":\"Home\",\"item\":\"https:\/\/www.realmarina.realhotelsgroup.com\/pt-pt\/\"},{\"@type\":\"ListItem\",\"position\":2,\"name\":\"Reuni\u00f5es e Eventos\",\"item\":\"https:\/\/www.realmarina.realhotelsgroup.com\/pt-pt\/reunioes-e-eventos\/\"},{\"@type\":\"ListItem\",\"position\":3,\"name\":\"Casamentos\"}]},{\"@type\":\"WebSite\",\"@id\":\"https:\/\/www.realmarina.realhotelsgroup.com\/pt-pt\/#website\",\"url\":\"https:\/\/www.realmarina.realhotelsgroup.com\/pt-pt\/\",\"name\":\"Real Marina Hotel & Spa\",\"description\":\"Just another ms.decms.eu site\",\"potentialAction\":[{\"@type\":\"SearchAction\",\"target\":{\"@type\":\"EntryPoint\",\"urlTemplate\":\"https:\/\/www.realmarina.realhotelsgroup.com\/pt-pt\/?s={search_term_string}\"},\"query-input\":{\"@type\":\"PropertyValueSpecification\",\"valueRequired\":true,\"valueName\":\"search_term_string\"}}],\"inLanguage\":\"pt-PT\"}]}<\/script>\n<!-- \/ Yoast SEO plugin. -->","yoast_head_json":{"title":"Casamentos - Real Marina Hotel & Spa","robots":{"index":"index","follow":"follow","max-snippet":"max-snippet:-1","max-image-preview":"max-image-preview:large","max-video-preview":"max-video-preview:-1"},"canonical":"https:\/\/www.realmarina.realhotelsgroup.com\/pt-pt\/reunioes-e-eventos\/casamentos\/","og_locale":"pt_PT","og_type":"article","og_title":"Casamentos - Real Marina Hotel & Spa","og_description":"Imagine o seu casamento num hotel 5 estrelas com a envolv\u00eancia da natureza como pano de fundo. Em frente \u00e0 magn\u00edfica Ria Formosa, o Real Marina Hotel &amp; Spa, em Olh\u00e3o, \u00e9 o local ideal para realizar um casamento de sonho. Um cocktail junto da piscina com vista para a Ria Formosa, uma sess\u00e3o fotogr\u00e1fica [&hellip;]","og_url":"https:\/\/www.realmarina.realhotelsgroup.com\/pt-pt\/reunioes-e-eventos\/casamentos\/","og_site_name":"Real Marina Hotel & Spa","article_modified_time":"2025-02-06T14:17:02+00:00","twitter_card":"summary_large_image","twitter_misc":{"Tempo estimado de leitura":"1 minuto"},"schema":{"@context":"https:\/\/schema.org","@graph":[{"@type":"WebPage","@id":"https:\/\/www.realmarina.realhotelsgroup.com\/pt-pt\/reunioes-e-eventos\/casamentos\/","url":"https:\/\/www.realmarina.realhotelsgroup.com\/pt-pt\/reunioes-e-eventos\/casamentos\/","name":"Casamentos - Real Marina Hotel & Spa","isPartOf":{"@id":"https:\/\/www.realmarina.realhotelsgroup.com\/pt-pt\/#website"},"datePublished":"2020-11-17T13:40:45+00:00","dateModified":"2025-02-06T14:17:02+00:00","breadcrumb":{"@id":"https:\/\/www.realmarina.realhotelsgroup.com\/pt-pt\/reunioes-e-eventos\/casamentos\/#breadcrumb"},"inLanguage":"pt-PT","potentialAction":[{"@type":"ReadAction","target":["https:\/\/www.realmarina.realhotelsgroup.com\/pt-pt\/reunioes-e-eventos\/casamentos\/"]}]},{"@type":"BreadcrumbList","@id":"https:\/\/www.realmarina.realhotelsgroup.com\/pt-pt\/reunioes-e-eventos\/casamentos\/#breadcrumb","itemListElement":[{"@type":"ListItem","position":1,"name":"Home","item":"https:\/\/www.realmarina.realhotelsgroup.com\/pt-pt\/"},{"@type":"ListItem","position":2,"name":"Reuni\u00f5es e Eventos","item":"https:\/\/www.realmarina.realhotelsgroup.com\/pt-pt\/reunioes-e-eventos\/"},{"@type":"ListItem","position":3,"name":"Casamentos"}]},{"@type":"WebSite","@id":"https:\/\/www.realmarina.realhotelsgroup.com\/pt-pt\/#website","url":"https:\/\/www.realmarina.realhotelsgroup.com\/pt-pt\/","name":"Real Marina Hotel & Spa","description":"Just another ms.decms.eu site","potentialAction":[{"@type":"SearchAction","target":{"@type":"EntryPoint","urlTemplate":"https:\/\/www.realmarina.realhotelsgroup.com\/pt-pt\/?s={search_term_string}"},"query-input":{"@type":"PropertyValueSpecification","valueRequired":true,"valueName":"search_term_string"}}],"inLanguage":"pt-PT"}]}},"acf":[],"_links":{"self":[{"href":"https:\/\/www.realmarina.realhotelsgroup.com\/pt-pt\/wp-json\/wp\/v2\/pages\/321","targetHints":{"allow":["GET"]}}],"collection":[{"href":"https:\/\/www.realmarina.realhotelsgroup.com\/pt-pt\/wp-json\/wp\/v2\/pages"}],"about":[{"href":"https:\/\/www.realmarina.realhotelsgroup.com\/pt-pt\/wp-json\/wp\/v2\/types\/page"}],"author":[{"embeddable":true,"href":"https:\/\/www.realmarina.realhotelsgroup.com\/pt-pt\/wp-json\/wp\/v2\/users\/36"}],"replies":[{"embeddable":true,"href":"https:\/\/www.realmarina.realhotelsgroup.com\/pt-pt\/wp-json\/wp\/v2\/comments?post=321"}],"version-history":[{"count":0,"href":"https:\/\/www.realmarina.realhotelsgroup.com\/pt-pt\/wp-json\/wp\/v2\/pages\/321\/revisions"}],"up":[{"embeddable":true,"href":"https:\/\/www.realmarina.realhotelsgroup.com\/pt-pt\/wp-json\/wp\/v2\/pages\/240"}],"wp:attachment":[{"href":"https:\/\/www.realmarina.realhotelsgroup.com\/pt-pt\/wp-json\/wp\/v2\/media?parent=321"}],"curies":[{"name":"wp","href":"https:\/\/api.w.org\/{rel}","templated":true}]}}