{"id":3,"date":"2020-11-13T08:30:14","date_gmt":"2020-11-13T08:30:14","guid":{"rendered":"http:\/\/real-marina-hotel-spa.ms.decms.eu\/?page_id=3"},"modified":"2026-04-07T13:07:07","modified_gmt":"2026-04-07T13:07:07","slug":"homepage","status":"publish","type":"page","link":"https:\/\/www.realmarina.realhotelsgroup.com\/pt-pt\/","title":{"rendered":"Real Marina Hotel &amp; Spa"},"content":{"rendered":"<p>Descubra um Algarve \u00fanico, onde os cen\u00e1rios naturais, a Ria Formosa e as praias desertas se fundem para criar mem\u00f3rias inesquec\u00edveis.<\/p>\n<p>No Real Marina Hotel &amp; Spa, oferecemos estadias de luxo de 5 estrelas com 144 quartos e suites, uma piscina exterior, 2 restaurantes e um spa com piscina interior, sauna, jacuzzi e gin\u00e1sio para o seu conforto e relaxamento \u00faltimos.<\/p>\n<p>\u00c9 obrigat\u00f3rio o uso de touca na piscina exterior e interior.<\/p>\n<p>Aproveite as deslumbrantes vistas do Parque Natural da Ria Formosa, uma das 7 maravilhas naturais de Portugal, e explore connosco as \u00e1guas doces e as ilhas &#8211; deixe-nos mostrar-lhe o outro lado do Algarve.<\/p>\n<p><strong>Junte-se a n\u00f3s nesta jornada no Real Marina Hotel &amp; Spa &#8211; o melhor lugar para descobrir um novo Algarve.<\/strong><\/p>\n","protected":false},"excerpt":{"rendered":"<p>Descubra um Algarve \u00fanico, onde os cen\u00e1rios naturais, a Ria Formosa e as praias desertas se fundem para criar mem\u00f3rias inesquec\u00edveis. No Real Marina Hotel &amp; Spa, oferecemos estadias de luxo de 5 estrelas com 144 quartos e suites, uma piscina exterior, 2 restaurantes e um spa com piscina interior, sauna, jacuzzi e gin\u00e1sio para [&hellip;]<\/p>\n","protected":false},"author":17,"featured_media":0,"parent":0,"menu_order":10,"comment_status":"closed","ping_status":"open","template":"","meta":{"footnotes":""},"class_list":["post-3","page","type-page","status-publish","hentry"],"yoast_head":"<!-- This site is optimized with the Yoast SEO plugin v26.9 - https:\/\/yoast.com\/product\/yoast-seo-wordpress\/ -->\n<title>Real Marina Hotel &amp; Spa - Real Marina Hotel &amp; Spa<\/title>\n<meta name=\"robots\" content=\"index, follow, max-snippet:-1, max-image-preview:large, max-video-preview:-1\" \/>\n<link rel=\"canonical\" href=\"https:\/\/www.realmarina.realhotelsgroup.com\/pt-pt\/\" \/>\n<meta property=\"og:locale\" content=\"pt_PT\" \/>\n<meta property=\"og:type\" content=\"article\" \/>\n<meta property=\"og:title\" content=\"Real Marina Hotel &amp; Spa - Real Marina Hotel &amp; Spa\" \/>\n<meta property=\"og:description\" content=\"Descubra um Algarve \u00fanico, onde os cen\u00e1rios naturais, a Ria Formosa e as praias desertas se fundem para criar mem\u00f3rias inesquec\u00edveis. No Real Marina Hotel &amp; Spa, oferecemos estadias de luxo de 5 estrelas com 144 quartos e suites, uma piscina exterior, 2 restaurantes e um spa com piscina interior, sauna, jacuzzi e gin\u00e1sio para [&hellip;]\" \/>\n<meta property=\"og:url\" content=\"https:\/\/www.realmarina.realhotelsgroup.com\/pt-pt\/\" \/>\n<meta property=\"og:site_name\" content=\"Real Marina Hotel &amp; Spa\" \/>\n<meta property=\"article:modified_time\" content=\"2026-04-07T13:07:07+00:00\" \/>\n<meta name=\"twitter:card\" content=\"summary_large_image\" \/>\n<meta name=\"twitter:label1\" content=\"Tempo estimado de leitura\" \/>\n\t<meta name=\"twitter:data1\" content=\"1 minuto\" \/>\n<script type=\"application\/ld+json\" class=\"yoast-schema-graph\">{\"@context\":\"https:\/\/schema.org\",\"@graph\":[{\"@type\":\"WebPage\",\"@id\":\"https:\/\/www.realmarina.realhotelsgroup.com\/pt-pt\/\",\"url\":\"https:\/\/www.realmarina.realhotelsgroup.com\/pt-pt\/\",\"name\":\"Real Marina Hotel &amp; Spa - Real Marina Hotel & Spa\",\"isPartOf\":{\"@id\":\"https:\/\/www.realmarina.realhotelsgroup.com\/pt-pt\/#website\"},\"datePublished\":\"2020-11-13T08:30:14+00:00\",\"dateModified\":\"2026-04-07T13:07:07+00:00\",\"breadcrumb\":{\"@id\":\"https:\/\/www.realmarina.realhotelsgroup.com\/pt-pt\/#breadcrumb\"},\"inLanguage\":\"pt-PT\",\"potentialAction\":[{\"@type\":\"ReadAction\",\"target\":[\"https:\/\/www.realmarina.realhotelsgroup.com\/pt-pt\/\"]}]},{\"@type\":\"BreadcrumbList\",\"@id\":\"https:\/\/www.realmarina.realhotelsgroup.com\/pt-pt\/#breadcrumb\",\"itemListElement\":[{\"@type\":\"ListItem\",\"position\":1,\"name\":\"Home\",\"item\":\"https:\/\/www.realmarina.realhotelsgroup.com\/pt-pt\/\"},{\"@type\":\"ListItem\",\"position\":2,\"name\":\"Real Marina Hotel &amp; Spa\"}]},{\"@type\":\"WebSite\",\"@id\":\"https:\/\/www.realmarina.realhotelsgroup.com\/pt-pt\/#website\",\"url\":\"https:\/\/www.realmarina.realhotelsgroup.com\/pt-pt\/\",\"name\":\"Real Marina Hotel & Spa\",\"description\":\"Just another ms.decms.eu site\",\"potentialAction\":[{\"@type\":\"SearchAction\",\"target\":{\"@type\":\"EntryPoint\",\"urlTemplate\":\"https:\/\/www.realmarina.realhotelsgroup.com\/pt-pt\/?s={search_term_string}\"},\"query-input\":{\"@type\":\"PropertyValueSpecification\",\"valueRequired\":true,\"valueName\":\"search_term_string\"}}],\"inLanguage\":\"pt-PT\"}]}<\/script>\n<!-- \/ Yoast SEO plugin. -->","yoast_head_json":{"title":"Real Marina Hotel &amp; Spa - Real Marina Hotel & Spa","robots":{"index":"index","follow":"follow","max-snippet":"max-snippet:-1","max-image-preview":"max-image-preview:large","max-video-preview":"max-video-preview:-1"},"canonical":"https:\/\/www.realmarina.realhotelsgroup.com\/pt-pt\/","og_locale":"pt_PT","og_type":"article","og_title":"Real Marina Hotel &amp; Spa - Real Marina Hotel & Spa","og_description":"Descubra um Algarve \u00fanico, onde os cen\u00e1rios naturais, a Ria Formosa e as praias desertas se fundem para criar mem\u00f3rias inesquec\u00edveis. No Real Marina Hotel &amp; Spa, oferecemos estadias de luxo de 5 estrelas com 144 quartos e suites, uma piscina exterior, 2 restaurantes e um spa com piscina interior, sauna, jacuzzi e gin\u00e1sio para [&hellip;]","og_url":"https:\/\/www.realmarina.realhotelsgroup.com\/pt-pt\/","og_site_name":"Real Marina Hotel & Spa","article_modified_time":"2026-04-07T13:07:07+00:00","twitter_card":"summary_large_image","twitter_misc":{"Tempo estimado de leitura":"1 minuto"},"schema":{"@context":"https:\/\/schema.org","@graph":[{"@type":"WebPage","@id":"https:\/\/www.realmarina.realhotelsgroup.com\/pt-pt\/","url":"https:\/\/www.realmarina.realhotelsgroup.com\/pt-pt\/","name":"Real Marina Hotel &amp; Spa - Real Marina Hotel & Spa","isPartOf":{"@id":"https:\/\/www.realmarina.realhotelsgroup.com\/pt-pt\/#website"},"datePublished":"2020-11-13T08:30:14+00:00","dateModified":"2026-04-07T13:07:07+00:00","breadcrumb":{"@id":"https:\/\/www.realmarina.realhotelsgroup.com\/pt-pt\/#breadcrumb"},"inLanguage":"pt-PT","potentialAction":[{"@type":"ReadAction","target":["https:\/\/www.realmarina.realhotelsgroup.com\/pt-pt\/"]}]},{"@type":"BreadcrumbList","@id":"https:\/\/www.realmarina.realhotelsgroup.com\/pt-pt\/#breadcrumb","itemListElement":[{"@type":"ListItem","position":1,"name":"Home","item":"https:\/\/www.realmarina.realhotelsgroup.com\/pt-pt\/"},{"@type":"ListItem","position":2,"name":"Real Marina Hotel &amp; Spa"}]},{"@type":"WebSite","@id":"https:\/\/www.realmarina.realhotelsgroup.com\/pt-pt\/#website","url":"https:\/\/www.realmarina.realhotelsgroup.com\/pt-pt\/","name":"Real Marina Hotel & Spa","description":"Just another ms.decms.eu site","potentialAction":[{"@type":"SearchAction","target":{"@type":"EntryPoint","urlTemplate":"https:\/\/www.realmarina.realhotelsgroup.com\/pt-pt\/?s={search_term_string}"},"query-input":{"@type":"PropertyValueSpecification","valueRequired":true,"valueName":"search_term_string"}}],"inLanguage":"pt-PT"}]}},"acf":[],"_links":{"self":[{"href":"https:\/\/www.realmarina.realhotelsgroup.com\/pt-pt\/wp-json\/wp\/v2\/pages\/3","targetHints":{"allow":["GET"]}}],"collection":[{"href":"https:\/\/www.realmarina.realhotelsgroup.com\/pt-pt\/wp-json\/wp\/v2\/pages"}],"about":[{"href":"https:\/\/www.realmarina.realhotelsgroup.com\/pt-pt\/wp-json\/wp\/v2\/types\/page"}],"author":[{"embeddable":true,"href":"https:\/\/www.realmarina.realhotelsgroup.com\/pt-pt\/wp-json\/wp\/v2\/users\/17"}],"replies":[{"embeddable":true,"href":"https:\/\/www.realmarina.realhotelsgroup.com\/pt-pt\/wp-json\/wp\/v2\/comments?post=3"}],"version-history":[{"count":0,"href":"https:\/\/www.realmarina.realhotelsgroup.com\/pt-pt\/wp-json\/wp\/v2\/pages\/3\/revisions"}],"wp:attachment":[{"href":"https:\/\/www.realmarina.realhotelsgroup.com\/pt-pt\/wp-json\/wp\/v2\/media?parent=3"}],"curies":[{"name":"wp","href":"https:\/\/api.w.org\/{rel}","templated":true}]}}