{"id":233,"date":"2020-11-16T13:39:00","date_gmt":"2020-11-16T13:39:00","guid":{"rendered":"http:\/\/real-marina-hotel-spa.ms.decms.eu\/?page_id=233"},"modified":"2026-04-20T13:39:51","modified_gmt":"2026-04-20T13:39:51","slug":"real-spa-therapy","status":"publish","type":"page","link":"https:\/\/www.realmarina.realhotelsgroup.com\/pt-pt\/real-spa-therapy\/","title":{"rendered":"Real Spa Therapy"},"content":{"rendered":"<p>Localizado no <strong>Real Marina Hotel &amp; Spa<\/strong> em <strong>Olh\u00e3o<\/strong>, no <strong>Algarve<\/strong> e com uma vista privilegiada sobre a <strong>Ria Formosa<\/strong>, o <strong>Real Spa Therapy<\/strong> com cerca de 1000m2 e um ambiente relaxante, \u00e9 o ref\u00fagio perfeito para viver uma experi\u00eancia \u00fanica de <strong>sa\u00fade e bem-estar<\/strong>.<\/p>\n<p>Com 9 <strong>salas de tratamentos, piscina interior aquecida<\/strong> com \u00e1rea borbulhante, salas de <strong>massagens e tratamentos, duche vichy, gin\u00e1sio<\/strong>, entre outras facilidades, e uma equipa de t\u00e9cnicos especializados.<\/p>\n<p>O Real Spa Therapy oferece uma vasta gama de<strong> tratamentos e massagens de Hidroterapia<\/strong>, um conhecido m\u00e9todo terap\u00eautico com <strong>fins curativos e preventivos<\/strong>, baseado na efic\u00e1cia das propriedades da \u00e1gua doce regulada a diferentes temperaturas.<\/p>\n<p>Escolha o <strong>tratamento ou massagem<\/strong> que mais lhe agradar e desperte os seus sentidos para um mundo de sensa\u00e7\u00f5es e experi\u00eancias inesquec\u00edveis.<\/p>\n<p>O uso de touca na piscina interior \u00e9 obrigat\u00f3rio.<\/p>\n<h6>Os custos das chamadas para a rede fixa nacional aplicam-se a todos os n\u00fameros de telefone indicados nesta p\u00e1gina.<\/h6>\n<hr \/>\n<p><strong><br \/>\nAviso:<\/strong> informamos que a Sauna se encontra temporariamente fora de servi\u00e7o.<\/p>\n","protected":false},"excerpt":{"rendered":"<p>Localizado no Real Marina Hotel &amp; Spa em Olh\u00e3o, no Algarve e com uma vista privilegiada sobre a Ria Formosa, o Real Spa Therapy com cerca de 1000m2 e um ambiente relaxante, \u00e9 o ref\u00fagio perfeito para viver uma experi\u00eancia \u00fanica de sa\u00fade e bem-estar. Com 9 salas de tratamentos, piscina interior aquecida com \u00e1rea [&hellip;]<\/p>\n","protected":false},"author":36,"featured_media":0,"parent":0,"menu_order":50,"comment_status":"closed","ping_status":"closed","template":"template-wellness.php","meta":{"footnotes":""},"class_list":["post-233","page","type-page","status-publish","hentry"],"yoast_head":"<!-- This site is optimized with the Yoast SEO plugin v26.9 - https:\/\/yoast.com\/product\/yoast-seo-wordpress\/ -->\n<title>Real Spa Therapy - Real Marina Hotel &amp; Spa<\/title>\n<meta name=\"robots\" content=\"index, follow, max-snippet:-1, max-image-preview:large, max-video-preview:-1\" \/>\n<link rel=\"canonical\" href=\"https:\/\/www.realmarina.realhotelsgroup.com\/pt-pt\/real-spa-therapy\/\" \/>\n<meta property=\"og:locale\" content=\"pt_PT\" \/>\n<meta property=\"og:type\" content=\"article\" \/>\n<meta property=\"og:title\" content=\"Real Spa Therapy - Real Marina Hotel &amp; Spa\" \/>\n<meta property=\"og:description\" content=\"Localizado no Real Marina Hotel &amp; Spa em Olh\u00e3o, no Algarve e com uma vista privilegiada sobre a Ria Formosa, o Real Spa Therapy com cerca de 1000m2 e um ambiente relaxante, \u00e9 o ref\u00fagio perfeito para viver uma experi\u00eancia \u00fanica de sa\u00fade e bem-estar. Com 9 salas de tratamentos, piscina interior aquecida com \u00e1rea [&hellip;]\" \/>\n<meta property=\"og:url\" content=\"https:\/\/www.realmarina.realhotelsgroup.com\/pt-pt\/real-spa-therapy\/\" \/>\n<meta property=\"og:site_name\" content=\"Real Marina Hotel &amp; Spa\" \/>\n<meta property=\"article:modified_time\" content=\"2026-04-20T13:39:51+00:00\" \/>\n<meta name=\"twitter:card\" content=\"summary_large_image\" \/>\n<meta name=\"twitter:label1\" content=\"Tempo estimado de leitura\" \/>\n\t<meta name=\"twitter:data1\" content=\"1 minuto\" \/>\n<script type=\"application\/ld+json\" class=\"yoast-schema-graph\">{\"@context\":\"https:\/\/schema.org\",\"@graph\":[{\"@type\":\"WebPage\",\"@id\":\"https:\/\/www.realmarina.realhotelsgroup.com\/pt-pt\/real-spa-therapy\/\",\"url\":\"https:\/\/www.realmarina.realhotelsgroup.com\/pt-pt\/real-spa-therapy\/\",\"name\":\"Real Spa Therapy - Real Marina Hotel & Spa\",\"isPartOf\":{\"@id\":\"https:\/\/www.realmarina.realhotelsgroup.com\/pt-pt\/#website\"},\"datePublished\":\"2020-11-16T13:39:00+00:00\",\"dateModified\":\"2026-04-20T13:39:51+00:00\",\"breadcrumb\":{\"@id\":\"https:\/\/www.realmarina.realhotelsgroup.com\/pt-pt\/real-spa-therapy\/#breadcrumb\"},\"inLanguage\":\"pt-PT\",\"potentialAction\":[{\"@type\":\"ReadAction\",\"target\":[\"https:\/\/www.realmarina.realhotelsgroup.com\/pt-pt\/real-spa-therapy\/\"]}]},{\"@type\":\"BreadcrumbList\",\"@id\":\"https:\/\/www.realmarina.realhotelsgroup.com\/pt-pt\/real-spa-therapy\/#breadcrumb\",\"itemListElement\":[{\"@type\":\"ListItem\",\"position\":1,\"name\":\"Home\",\"item\":\"https:\/\/www.realmarina.realhotelsgroup.com\/pt-pt\/\"},{\"@type\":\"ListItem\",\"position\":2,\"name\":\"Real Spa Therapy\"}]},{\"@type\":\"WebSite\",\"@id\":\"https:\/\/www.realmarina.realhotelsgroup.com\/pt-pt\/#website\",\"url\":\"https:\/\/www.realmarina.realhotelsgroup.com\/pt-pt\/\",\"name\":\"Real Marina Hotel & Spa\",\"description\":\"Just another ms.decms.eu site\",\"potentialAction\":[{\"@type\":\"SearchAction\",\"target\":{\"@type\":\"EntryPoint\",\"urlTemplate\":\"https:\/\/www.realmarina.realhotelsgroup.com\/pt-pt\/?s={search_term_string}\"},\"query-input\":{\"@type\":\"PropertyValueSpecification\",\"valueRequired\":true,\"valueName\":\"search_term_string\"}}],\"inLanguage\":\"pt-PT\"}]}<\/script>\n<!-- \/ Yoast SEO plugin. -->","yoast_head_json":{"title":"Real Spa Therapy - Real Marina Hotel & Spa","robots":{"index":"index","follow":"follow","max-snippet":"max-snippet:-1","max-image-preview":"max-image-preview:large","max-video-preview":"max-video-preview:-1"},"canonical":"https:\/\/www.realmarina.realhotelsgroup.com\/pt-pt\/real-spa-therapy\/","og_locale":"pt_PT","og_type":"article","og_title":"Real Spa Therapy - Real Marina Hotel & Spa","og_description":"Localizado no Real Marina Hotel &amp; Spa em Olh\u00e3o, no Algarve e com uma vista privilegiada sobre a Ria Formosa, o Real Spa Therapy com cerca de 1000m2 e um ambiente relaxante, \u00e9 o ref\u00fagio perfeito para viver uma experi\u00eancia \u00fanica de sa\u00fade e bem-estar. Com 9 salas de tratamentos, piscina interior aquecida com \u00e1rea [&hellip;]","og_url":"https:\/\/www.realmarina.realhotelsgroup.com\/pt-pt\/real-spa-therapy\/","og_site_name":"Real Marina Hotel & Spa","article_modified_time":"2026-04-20T13:39:51+00:00","twitter_card":"summary_large_image","twitter_misc":{"Tempo estimado de leitura":"1 minuto"},"schema":{"@context":"https:\/\/schema.org","@graph":[{"@type":"WebPage","@id":"https:\/\/www.realmarina.realhotelsgroup.com\/pt-pt\/real-spa-therapy\/","url":"https:\/\/www.realmarina.realhotelsgroup.com\/pt-pt\/real-spa-therapy\/","name":"Real Spa Therapy - Real Marina Hotel & Spa","isPartOf":{"@id":"https:\/\/www.realmarina.realhotelsgroup.com\/pt-pt\/#website"},"datePublished":"2020-11-16T13:39:00+00:00","dateModified":"2026-04-20T13:39:51+00:00","breadcrumb":{"@id":"https:\/\/www.realmarina.realhotelsgroup.com\/pt-pt\/real-spa-therapy\/#breadcrumb"},"inLanguage":"pt-PT","potentialAction":[{"@type":"ReadAction","target":["https:\/\/www.realmarina.realhotelsgroup.com\/pt-pt\/real-spa-therapy\/"]}]},{"@type":"BreadcrumbList","@id":"https:\/\/www.realmarina.realhotelsgroup.com\/pt-pt\/real-spa-therapy\/#breadcrumb","itemListElement":[{"@type":"ListItem","position":1,"name":"Home","item":"https:\/\/www.realmarina.realhotelsgroup.com\/pt-pt\/"},{"@type":"ListItem","position":2,"name":"Real Spa Therapy"}]},{"@type":"WebSite","@id":"https:\/\/www.realmarina.realhotelsgroup.com\/pt-pt\/#website","url":"https:\/\/www.realmarina.realhotelsgroup.com\/pt-pt\/","name":"Real Marina Hotel & Spa","description":"Just another ms.decms.eu site","potentialAction":[{"@type":"SearchAction","target":{"@type":"EntryPoint","urlTemplate":"https:\/\/www.realmarina.realhotelsgroup.com\/pt-pt\/?s={search_term_string}"},"query-input":{"@type":"PropertyValueSpecification","valueRequired":true,"valueName":"search_term_string"}}],"inLanguage":"pt-PT"}]}},"acf":[],"_links":{"self":[{"href":"https:\/\/www.realmarina.realhotelsgroup.com\/pt-pt\/wp-json\/wp\/v2\/pages\/233","targetHints":{"allow":["GET"]}}],"collection":[{"href":"https:\/\/www.realmarina.realhotelsgroup.com\/pt-pt\/wp-json\/wp\/v2\/pages"}],"about":[{"href":"https:\/\/www.realmarina.realhotelsgroup.com\/pt-pt\/wp-json\/wp\/v2\/types\/page"}],"author":[{"embeddable":true,"href":"https:\/\/www.realmarina.realhotelsgroup.com\/pt-pt\/wp-json\/wp\/v2\/users\/36"}],"replies":[{"embeddable":true,"href":"https:\/\/www.realmarina.realhotelsgroup.com\/pt-pt\/wp-json\/wp\/v2\/comments?post=233"}],"version-history":[{"count":0,"href":"https:\/\/www.realmarina.realhotelsgroup.com\/pt-pt\/wp-json\/wp\/v2\/pages\/233\/revisions"}],"wp:attachment":[{"href":"https:\/\/www.realmarina.realhotelsgroup.com\/pt-pt\/wp-json\/wp\/v2\/media?parent=233"}],"curies":[{"name":"wp","href":"https:\/\/api.w.org\/{rel}","templated":true}]}}