{"id":1883,"date":"2025-03-07T17:12:54","date_gmt":"2025-03-07T17:12:54","guid":{"rendered":"https:\/\/www.realmarina.realhotelsgroup.com\/?page_id=1883"},"modified":"2026-02-12T16:38:06","modified_gmt":"2026-02-12T16:38:06","slug":"estagios-de-futebol","status":"publish","type":"page","link":"https:\/\/www.realmarina.realhotelsgroup.com\/pt-pt\/reunioes-e-eventos\/estagios-de-futebol\/","title":{"rendered":"Est\u00e1gios de Futebol"},"content":{"rendered":"<p>O <strong>Real Marina Hotel &amp; Spa<\/strong>, localizado em <strong>Olh\u00e3o<\/strong>, convida equipas de futebol a desfrutarem de um est\u00e1gio desportivo num ambiente exclusivo. Em parceria com o <strong>Sporting Club Olhanense<\/strong>, oferecemos condi\u00e7\u00f5es ideais para treinos, recupera\u00e7\u00e3o e prepara\u00e7\u00e3o t\u00e9cnica.<\/p>\n<p>Com um clima ameno durante todo o ano e infraestruturas de topo, garantimos a melhor experi\u00eancia para atletas e equipas t\u00e9cnicas.<\/p>\n","protected":false},"excerpt":{"rendered":"<p>O Real Marina Hotel &amp; Spa, localizado em Olh\u00e3o, convida equipas de futebol a desfrutarem de um est\u00e1gio desportivo num ambiente exclusivo. Em parceria com o Sporting Club Olhanense, oferecemos condi\u00e7\u00f5es ideais para treinos, recupera\u00e7\u00e3o e prepara\u00e7\u00e3o t\u00e9cnica. Com um clima ameno durante todo o ano e infraestruturas de topo, garantimos a melhor experi\u00eancia para [&hellip;]<\/p>\n","protected":false},"author":241,"featured_media":1597,"parent":240,"menu_order":0,"comment_status":"closed","ping_status":"closed","template":"","meta":{"footnotes":""},"class_list":["post-1883","page","type-page","status-publish","has-post-thumbnail","hentry"],"yoast_head":"<!-- This site is optimized with the Yoast SEO plugin v26.9 - https:\/\/yoast.com\/product\/yoast-seo-wordpress\/ -->\n<title>Est\u00e1gios de Futebol - Real Marina Hotel &amp; Spa<\/title>\n<meta name=\"robots\" content=\"index, follow, max-snippet:-1, max-image-preview:large, max-video-preview:-1\" \/>\n<link rel=\"canonical\" href=\"https:\/\/www.realmarina.realhotelsgroup.com\/pt-pt\/reunioes-e-eventos\/estagios-de-futebol\/\" \/>\n<meta property=\"og:locale\" content=\"pt_PT\" \/>\n<meta property=\"og:type\" content=\"article\" \/>\n<meta property=\"og:title\" content=\"Est\u00e1gios de Futebol - Real Marina Hotel &amp; Spa\" \/>\n<meta property=\"og:description\" content=\"O Real Marina Hotel &amp; Spa, localizado em Olh\u00e3o, convida equipas de futebol a desfrutarem de um est\u00e1gio desportivo num ambiente exclusivo. Em parceria com o Sporting Club Olhanense, oferecemos condi\u00e7\u00f5es ideais para treinos, recupera\u00e7\u00e3o e prepara\u00e7\u00e3o t\u00e9cnica. Com um clima ameno durante todo o ano e infraestruturas de topo, garantimos a melhor experi\u00eancia para [&hellip;]\" \/>\n<meta property=\"og:url\" content=\"https:\/\/www.realmarina.realhotelsgroup.com\/pt-pt\/reunioes-e-eventos\/estagios-de-futebol\/\" \/>\n<meta property=\"og:site_name\" content=\"Real Marina Hotel &amp; Spa\" \/>\n<meta property=\"article:modified_time\" content=\"2026-02-12T16:38:06+00:00\" \/>\n<meta property=\"og:image\" content=\"https:\/\/www.realmarina.realhotelsgroup.com\/wp-content\/uploads\/sites\/223\/2024\/06\/Estagios-Futebol-Inverno-Real-Hotels-Group.jpg\" \/>\n\t<meta property=\"og:image:width\" content=\"1800\" \/>\n\t<meta property=\"og:image:height\" content=\"1200\" \/>\n\t<meta property=\"og:image:type\" content=\"image\/jpeg\" \/>\n<meta name=\"twitter:card\" content=\"summary_large_image\" \/>\n<meta name=\"twitter:label1\" content=\"Tempo estimado de leitura\" \/>\n\t<meta name=\"twitter:data1\" content=\"1 minuto\" \/>\n<script type=\"application\/ld+json\" class=\"yoast-schema-graph\">{\"@context\":\"https:\/\/schema.org\",\"@graph\":[{\"@type\":\"WebPage\",\"@id\":\"https:\/\/www.realmarina.realhotelsgroup.com\/pt-pt\/reunioes-e-eventos\/estagios-de-futebol\/\",\"url\":\"https:\/\/www.realmarina.realhotelsgroup.com\/pt-pt\/reunioes-e-eventos\/estagios-de-futebol\/\",\"name\":\"Est\u00e1gios de Futebol - Real Marina Hotel & Spa\",\"isPartOf\":{\"@id\":\"https:\/\/www.realmarina.realhotelsgroup.com\/pt-pt\/#website\"},\"primaryImageOfPage\":{\"@id\":\"https:\/\/www.realmarina.realhotelsgroup.com\/pt-pt\/reunioes-e-eventos\/estagios-de-futebol\/#primaryimage\"},\"image\":{\"@id\":\"https:\/\/www.realmarina.realhotelsgroup.com\/pt-pt\/reunioes-e-eventos\/estagios-de-futebol\/#primaryimage\"},\"thumbnailUrl\":\"https:\/\/www.realmarina.realhotelsgroup.com\/wp-content\/uploads\/sites\/223\/2024\/06\/Estagios-Futebol-Inverno-Real-Hotels-Group.jpg\",\"datePublished\":\"2025-03-07T17:12:54+00:00\",\"dateModified\":\"2026-02-12T16:38:06+00:00\",\"breadcrumb\":{\"@id\":\"https:\/\/www.realmarina.realhotelsgroup.com\/pt-pt\/reunioes-e-eventos\/estagios-de-futebol\/#breadcrumb\"},\"inLanguage\":\"pt-PT\",\"potentialAction\":[{\"@type\":\"ReadAction\",\"target\":[\"https:\/\/www.realmarina.realhotelsgroup.com\/pt-pt\/reunioes-e-eventos\/estagios-de-futebol\/\"]}]},{\"@type\":\"ImageObject\",\"inLanguage\":\"pt-PT\",\"@id\":\"https:\/\/www.realmarina.realhotelsgroup.com\/pt-pt\/reunioes-e-eventos\/estagios-de-futebol\/#primaryimage\",\"url\":\"https:\/\/www.realmarina.realhotelsgroup.com\/wp-content\/uploads\/sites\/223\/2024\/06\/Estagios-Futebol-Inverno-Real-Hotels-Group.jpg\",\"contentUrl\":\"https:\/\/www.realmarina.realhotelsgroup.com\/wp-content\/uploads\/sites\/223\/2024\/06\/Estagios-Futebol-Inverno-Real-Hotels-Group.jpg\",\"width\":1800,\"height\":1200},{\"@type\":\"BreadcrumbList\",\"@id\":\"https:\/\/www.realmarina.realhotelsgroup.com\/pt-pt\/reunioes-e-eventos\/estagios-de-futebol\/#breadcrumb\",\"itemListElement\":[{\"@type\":\"ListItem\",\"position\":1,\"name\":\"Home\",\"item\":\"https:\/\/www.realmarina.realhotelsgroup.com\/pt-pt\/\"},{\"@type\":\"ListItem\",\"position\":2,\"name\":\"Reuni\u00f5es e Eventos\",\"item\":\"https:\/\/www.realmarina.realhotelsgroup.com\/pt-pt\/reunioes-e-eventos\/\"},{\"@type\":\"ListItem\",\"position\":3,\"name\":\"Est\u00e1gios de Futebol\"}]},{\"@type\":\"WebSite\",\"@id\":\"https:\/\/www.realmarina.realhotelsgroup.com\/pt-pt\/#website\",\"url\":\"https:\/\/www.realmarina.realhotelsgroup.com\/pt-pt\/\",\"name\":\"Real Marina Hotel & Spa\",\"description\":\"Just another ms.decms.eu site\",\"potentialAction\":[{\"@type\":\"SearchAction\",\"target\":{\"@type\":\"EntryPoint\",\"urlTemplate\":\"https:\/\/www.realmarina.realhotelsgroup.com\/pt-pt\/?s={search_term_string}\"},\"query-input\":{\"@type\":\"PropertyValueSpecification\",\"valueRequired\":true,\"valueName\":\"search_term_string\"}}],\"inLanguage\":\"pt-PT\"}]}<\/script>\n<!-- \/ Yoast SEO plugin. -->","yoast_head_json":{"title":"Est\u00e1gios de Futebol - Real Marina Hotel & Spa","robots":{"index":"index","follow":"follow","max-snippet":"max-snippet:-1","max-image-preview":"max-image-preview:large","max-video-preview":"max-video-preview:-1"},"canonical":"https:\/\/www.realmarina.realhotelsgroup.com\/pt-pt\/reunioes-e-eventos\/estagios-de-futebol\/","og_locale":"pt_PT","og_type":"article","og_title":"Est\u00e1gios de Futebol - Real Marina Hotel & Spa","og_description":"O Real Marina Hotel &amp; Spa, localizado em Olh\u00e3o, convida equipas de futebol a desfrutarem de um est\u00e1gio desportivo num ambiente exclusivo. Em parceria com o Sporting Club Olhanense, oferecemos condi\u00e7\u00f5es ideais para treinos, recupera\u00e7\u00e3o e prepara\u00e7\u00e3o t\u00e9cnica. Com um clima ameno durante todo o ano e infraestruturas de topo, garantimos a melhor experi\u00eancia para [&hellip;]","og_url":"https:\/\/www.realmarina.realhotelsgroup.com\/pt-pt\/reunioes-e-eventos\/estagios-de-futebol\/","og_site_name":"Real Marina Hotel & Spa","article_modified_time":"2026-02-12T16:38:06+00:00","og_image":[{"width":1800,"height":1200,"url":"https:\/\/www.realmarina.realhotelsgroup.com\/wp-content\/uploads\/sites\/223\/2024\/06\/Estagios-Futebol-Inverno-Real-Hotels-Group.jpg","type":"image\/jpeg"}],"twitter_card":"summary_large_image","twitter_misc":{"Tempo estimado de leitura":"1 minuto"},"schema":{"@context":"https:\/\/schema.org","@graph":[{"@type":"WebPage","@id":"https:\/\/www.realmarina.realhotelsgroup.com\/pt-pt\/reunioes-e-eventos\/estagios-de-futebol\/","url":"https:\/\/www.realmarina.realhotelsgroup.com\/pt-pt\/reunioes-e-eventos\/estagios-de-futebol\/","name":"Est\u00e1gios de Futebol - Real Marina Hotel & Spa","isPartOf":{"@id":"https:\/\/www.realmarina.realhotelsgroup.com\/pt-pt\/#website"},"primaryImageOfPage":{"@id":"https:\/\/www.realmarina.realhotelsgroup.com\/pt-pt\/reunioes-e-eventos\/estagios-de-futebol\/#primaryimage"},"image":{"@id":"https:\/\/www.realmarina.realhotelsgroup.com\/pt-pt\/reunioes-e-eventos\/estagios-de-futebol\/#primaryimage"},"thumbnailUrl":"https:\/\/www.realmarina.realhotelsgroup.com\/wp-content\/uploads\/sites\/223\/2024\/06\/Estagios-Futebol-Inverno-Real-Hotels-Group.jpg","datePublished":"2025-03-07T17:12:54+00:00","dateModified":"2026-02-12T16:38:06+00:00","breadcrumb":{"@id":"https:\/\/www.realmarina.realhotelsgroup.com\/pt-pt\/reunioes-e-eventos\/estagios-de-futebol\/#breadcrumb"},"inLanguage":"pt-PT","potentialAction":[{"@type":"ReadAction","target":["https:\/\/www.realmarina.realhotelsgroup.com\/pt-pt\/reunioes-e-eventos\/estagios-de-futebol\/"]}]},{"@type":"ImageObject","inLanguage":"pt-PT","@id":"https:\/\/www.realmarina.realhotelsgroup.com\/pt-pt\/reunioes-e-eventos\/estagios-de-futebol\/#primaryimage","url":"https:\/\/www.realmarina.realhotelsgroup.com\/wp-content\/uploads\/sites\/223\/2024\/06\/Estagios-Futebol-Inverno-Real-Hotels-Group.jpg","contentUrl":"https:\/\/www.realmarina.realhotelsgroup.com\/wp-content\/uploads\/sites\/223\/2024\/06\/Estagios-Futebol-Inverno-Real-Hotels-Group.jpg","width":1800,"height":1200},{"@type":"BreadcrumbList","@id":"https:\/\/www.realmarina.realhotelsgroup.com\/pt-pt\/reunioes-e-eventos\/estagios-de-futebol\/#breadcrumb","itemListElement":[{"@type":"ListItem","position":1,"name":"Home","item":"https:\/\/www.realmarina.realhotelsgroup.com\/pt-pt\/"},{"@type":"ListItem","position":2,"name":"Reuni\u00f5es e Eventos","item":"https:\/\/www.realmarina.realhotelsgroup.com\/pt-pt\/reunioes-e-eventos\/"},{"@type":"ListItem","position":3,"name":"Est\u00e1gios de Futebol"}]},{"@type":"WebSite","@id":"https:\/\/www.realmarina.realhotelsgroup.com\/pt-pt\/#website","url":"https:\/\/www.realmarina.realhotelsgroup.com\/pt-pt\/","name":"Real Marina Hotel & Spa","description":"Just another ms.decms.eu site","potentialAction":[{"@type":"SearchAction","target":{"@type":"EntryPoint","urlTemplate":"https:\/\/www.realmarina.realhotelsgroup.com\/pt-pt\/?s={search_term_string}"},"query-input":{"@type":"PropertyValueSpecification","valueRequired":true,"valueName":"search_term_string"}}],"inLanguage":"pt-PT"}]}},"acf":[],"_links":{"self":[{"href":"https:\/\/www.realmarina.realhotelsgroup.com\/pt-pt\/wp-json\/wp\/v2\/pages\/1883","targetHints":{"allow":["GET"]}}],"collection":[{"href":"https:\/\/www.realmarina.realhotelsgroup.com\/pt-pt\/wp-json\/wp\/v2\/pages"}],"about":[{"href":"https:\/\/www.realmarina.realhotelsgroup.com\/pt-pt\/wp-json\/wp\/v2\/types\/page"}],"author":[{"embeddable":true,"href":"https:\/\/www.realmarina.realhotelsgroup.com\/pt-pt\/wp-json\/wp\/v2\/users\/241"}],"replies":[{"embeddable":true,"href":"https:\/\/www.realmarina.realhotelsgroup.com\/pt-pt\/wp-json\/wp\/v2\/comments?post=1883"}],"version-history":[{"count":0,"href":"https:\/\/www.realmarina.realhotelsgroup.com\/pt-pt\/wp-json\/wp\/v2\/pages\/1883\/revisions"}],"up":[{"embeddable":true,"href":"https:\/\/www.realmarina.realhotelsgroup.com\/pt-pt\/wp-json\/wp\/v2\/pages\/240"}],"wp:featuredmedia":[{"embeddable":true,"href":"https:\/\/www.realmarina.realhotelsgroup.com\/pt-pt\/wp-json\/wp\/v2\/media\/1597"}],"wp:attachment":[{"href":"https:\/\/www.realmarina.realhotelsgroup.com\/pt-pt\/wp-json\/wp\/v2\/media?parent=1883"}],"curies":[{"name":"wp","href":"https:\/\/api.w.org\/{rel}","templated":true}]}}