{"id":1761,"date":"2024-12-05T17:05:41","date_gmt":"2024-12-05T17:05:41","guid":{"rendered":"https:\/\/www.realmarina.realhotelsgroup.com\/?page_id=1761"},"modified":"2024-12-05T17:05:41","modified_gmt":"2024-12-05T17:05:41","slug":"novo-website","status":"publish","type":"page","link":"https:\/\/www.realmarina.realhotelsgroup.com\/pt-pt\/real-spa-therapy\/novo-website\/","title":{"rendered":"Novo Website"},"content":{"rendered":"<p>Visite o novo site Real Spa Therapy! Encontrar\u00e1 uma sele\u00e7\u00e3o de tratamentos, promo\u00e7\u00f5es, programas e gift vouchers. Descubra todas as informa\u00e7\u00f5es que precisa para uma experi\u00eancia inesquec\u00edvel.<\/p>\n","protected":false},"excerpt":{"rendered":"<p>Visite o novo site Real Spa Therapy! Encontrar\u00e1 uma sele\u00e7\u00e3o de tratamentos, promo\u00e7\u00f5es, programas e gift vouchers. Descubra todas as informa\u00e7\u00f5es que precisa para uma experi\u00eancia inesquec\u00edvel.<\/p>\n","protected":false},"author":241,"featured_media":1540,"parent":233,"menu_order":0,"comment_status":"closed","ping_status":"closed","template":"","meta":{"footnotes":""},"class_list":["post-1761","page","type-page","status-publish","has-post-thumbnail","hentry"],"yoast_head":"<!-- This site is optimized with the Yoast SEO plugin v26.9 - https:\/\/yoast.com\/product\/yoast-seo-wordpress\/ -->\n<title>Novo Website - Real Marina Hotel &amp; Spa<\/title>\n<meta name=\"robots\" content=\"index, follow, max-snippet:-1, max-image-preview:large, max-video-preview:-1\" \/>\n<link rel=\"canonical\" href=\"https:\/\/www.realmarina.realhotelsgroup.com\/pt-pt\/real-spa-therapy\/novo-website\/\" \/>\n<meta property=\"og:locale\" content=\"pt_PT\" \/>\n<meta property=\"og:type\" content=\"article\" \/>\n<meta property=\"og:title\" content=\"Novo Website - Real Marina Hotel &amp; Spa\" \/>\n<meta property=\"og:description\" content=\"Visite o novo site Real Spa Therapy! Encontrar\u00e1 uma sele\u00e7\u00e3o de tratamentos, promo\u00e7\u00f5es, programas e gift vouchers. Descubra todas as informa\u00e7\u00f5es que precisa para uma experi\u00eancia inesquec\u00edvel.\" \/>\n<meta property=\"og:url\" content=\"https:\/\/www.realmarina.realhotelsgroup.com\/pt-pt\/real-spa-therapy\/novo-website\/\" \/>\n<meta property=\"og:site_name\" content=\"Real Marina Hotel &amp; Spa\" \/>\n<meta property=\"og:image\" content=\"https:\/\/www.realmarina.realhotelsgroup.com\/wp-content\/uploads\/sites\/223\/2024\/04\/Real-Spa-therapy-Olhao-Programa-1-Dia-Relaxamento.jpg\" \/>\n\t<meta property=\"og:image:width\" content=\"1804\" \/>\n\t<meta property=\"og:image:height\" content=\"1200\" \/>\n\t<meta property=\"og:image:type\" content=\"image\/jpeg\" \/>\n<meta name=\"twitter:card\" content=\"summary_large_image\" \/>\n<meta name=\"twitter:label1\" content=\"Tempo estimado de leitura\" \/>\n\t<meta name=\"twitter:data1\" content=\"1 minuto\" \/>\n<script type=\"application\/ld+json\" class=\"yoast-schema-graph\">{\"@context\":\"https:\/\/schema.org\",\"@graph\":[{\"@type\":\"WebPage\",\"@id\":\"https:\/\/www.realmarina.realhotelsgroup.com\/pt-pt\/real-spa-therapy\/novo-website\/\",\"url\":\"https:\/\/www.realmarina.realhotelsgroup.com\/pt-pt\/real-spa-therapy\/novo-website\/\",\"name\":\"Novo Website - Real Marina Hotel & Spa\",\"isPartOf\":{\"@id\":\"https:\/\/www.realmarina.realhotelsgroup.com\/pt-pt\/#website\"},\"primaryImageOfPage\":{\"@id\":\"https:\/\/www.realmarina.realhotelsgroup.com\/pt-pt\/real-spa-therapy\/novo-website\/#primaryimage\"},\"image\":{\"@id\":\"https:\/\/www.realmarina.realhotelsgroup.com\/pt-pt\/real-spa-therapy\/novo-website\/#primaryimage\"},\"thumbnailUrl\":\"https:\/\/www.realmarina.realhotelsgroup.com\/wp-content\/uploads\/sites\/223\/2024\/04\/Real-Spa-therapy-Olhao-Programa-1-Dia-Relaxamento.jpg\",\"datePublished\":\"2024-12-05T17:05:41+00:00\",\"breadcrumb\":{\"@id\":\"https:\/\/www.realmarina.realhotelsgroup.com\/pt-pt\/real-spa-therapy\/novo-website\/#breadcrumb\"},\"inLanguage\":\"pt-PT\",\"potentialAction\":[{\"@type\":\"ReadAction\",\"target\":[\"https:\/\/www.realmarina.realhotelsgroup.com\/pt-pt\/real-spa-therapy\/novo-website\/\"]}]},{\"@type\":\"ImageObject\",\"inLanguage\":\"pt-PT\",\"@id\":\"https:\/\/www.realmarina.realhotelsgroup.com\/pt-pt\/real-spa-therapy\/novo-website\/#primaryimage\",\"url\":\"https:\/\/www.realmarina.realhotelsgroup.com\/wp-content\/uploads\/sites\/223\/2024\/04\/Real-Spa-therapy-Olhao-Programa-1-Dia-Relaxamento.jpg\",\"contentUrl\":\"https:\/\/www.realmarina.realhotelsgroup.com\/wp-content\/uploads\/sites\/223\/2024\/04\/Real-Spa-therapy-Olhao-Programa-1-Dia-Relaxamento.jpg\",\"width\":1804,\"height\":1200},{\"@type\":\"BreadcrumbList\",\"@id\":\"https:\/\/www.realmarina.realhotelsgroup.com\/pt-pt\/real-spa-therapy\/novo-website\/#breadcrumb\",\"itemListElement\":[{\"@type\":\"ListItem\",\"position\":1,\"name\":\"Home\",\"item\":\"https:\/\/www.realmarina.realhotelsgroup.com\/pt-pt\/\"},{\"@type\":\"ListItem\",\"position\":2,\"name\":\"Real Spa Therapy\",\"item\":\"https:\/\/www.realmarina.realhotelsgroup.com\/pt-pt\/real-spa-therapy\/\"},{\"@type\":\"ListItem\",\"position\":3,\"name\":\"Novo Website\"}]},{\"@type\":\"WebSite\",\"@id\":\"https:\/\/www.realmarina.realhotelsgroup.com\/pt-pt\/#website\",\"url\":\"https:\/\/www.realmarina.realhotelsgroup.com\/pt-pt\/\",\"name\":\"Real Marina Hotel & Spa\",\"description\":\"Just another ms.decms.eu site\",\"potentialAction\":[{\"@type\":\"SearchAction\",\"target\":{\"@type\":\"EntryPoint\",\"urlTemplate\":\"https:\/\/www.realmarina.realhotelsgroup.com\/pt-pt\/?s={search_term_string}\"},\"query-input\":{\"@type\":\"PropertyValueSpecification\",\"valueRequired\":true,\"valueName\":\"search_term_string\"}}],\"inLanguage\":\"pt-PT\"}]}<\/script>\n<!-- \/ Yoast SEO plugin. -->","yoast_head_json":{"title":"Novo Website - Real Marina Hotel & Spa","robots":{"index":"index","follow":"follow","max-snippet":"max-snippet:-1","max-image-preview":"max-image-preview:large","max-video-preview":"max-video-preview:-1"},"canonical":"https:\/\/www.realmarina.realhotelsgroup.com\/pt-pt\/real-spa-therapy\/novo-website\/","og_locale":"pt_PT","og_type":"article","og_title":"Novo Website - Real Marina Hotel & Spa","og_description":"Visite o novo site Real Spa Therapy! Encontrar\u00e1 uma sele\u00e7\u00e3o de tratamentos, promo\u00e7\u00f5es, programas e gift vouchers. Descubra todas as informa\u00e7\u00f5es que precisa para uma experi\u00eancia inesquec\u00edvel.","og_url":"https:\/\/www.realmarina.realhotelsgroup.com\/pt-pt\/real-spa-therapy\/novo-website\/","og_site_name":"Real Marina Hotel & Spa","og_image":[{"width":1804,"height":1200,"url":"https:\/\/www.realmarina.realhotelsgroup.com\/wp-content\/uploads\/sites\/223\/2024\/04\/Real-Spa-therapy-Olhao-Programa-1-Dia-Relaxamento.jpg","type":"image\/jpeg"}],"twitter_card":"summary_large_image","twitter_misc":{"Tempo estimado de leitura":"1 minuto"},"schema":{"@context":"https:\/\/schema.org","@graph":[{"@type":"WebPage","@id":"https:\/\/www.realmarina.realhotelsgroup.com\/pt-pt\/real-spa-therapy\/novo-website\/","url":"https:\/\/www.realmarina.realhotelsgroup.com\/pt-pt\/real-spa-therapy\/novo-website\/","name":"Novo Website - Real Marina Hotel & Spa","isPartOf":{"@id":"https:\/\/www.realmarina.realhotelsgroup.com\/pt-pt\/#website"},"primaryImageOfPage":{"@id":"https:\/\/www.realmarina.realhotelsgroup.com\/pt-pt\/real-spa-therapy\/novo-website\/#primaryimage"},"image":{"@id":"https:\/\/www.realmarina.realhotelsgroup.com\/pt-pt\/real-spa-therapy\/novo-website\/#primaryimage"},"thumbnailUrl":"https:\/\/www.realmarina.realhotelsgroup.com\/wp-content\/uploads\/sites\/223\/2024\/04\/Real-Spa-therapy-Olhao-Programa-1-Dia-Relaxamento.jpg","datePublished":"2024-12-05T17:05:41+00:00","breadcrumb":{"@id":"https:\/\/www.realmarina.realhotelsgroup.com\/pt-pt\/real-spa-therapy\/novo-website\/#breadcrumb"},"inLanguage":"pt-PT","potentialAction":[{"@type":"ReadAction","target":["https:\/\/www.realmarina.realhotelsgroup.com\/pt-pt\/real-spa-therapy\/novo-website\/"]}]},{"@type":"ImageObject","inLanguage":"pt-PT","@id":"https:\/\/www.realmarina.realhotelsgroup.com\/pt-pt\/real-spa-therapy\/novo-website\/#primaryimage","url":"https:\/\/www.realmarina.realhotelsgroup.com\/wp-content\/uploads\/sites\/223\/2024\/04\/Real-Spa-therapy-Olhao-Programa-1-Dia-Relaxamento.jpg","contentUrl":"https:\/\/www.realmarina.realhotelsgroup.com\/wp-content\/uploads\/sites\/223\/2024\/04\/Real-Spa-therapy-Olhao-Programa-1-Dia-Relaxamento.jpg","width":1804,"height":1200},{"@type":"BreadcrumbList","@id":"https:\/\/www.realmarina.realhotelsgroup.com\/pt-pt\/real-spa-therapy\/novo-website\/#breadcrumb","itemListElement":[{"@type":"ListItem","position":1,"name":"Home","item":"https:\/\/www.realmarina.realhotelsgroup.com\/pt-pt\/"},{"@type":"ListItem","position":2,"name":"Real Spa Therapy","item":"https:\/\/www.realmarina.realhotelsgroup.com\/pt-pt\/real-spa-therapy\/"},{"@type":"ListItem","position":3,"name":"Novo Website"}]},{"@type":"WebSite","@id":"https:\/\/www.realmarina.realhotelsgroup.com\/pt-pt\/#website","url":"https:\/\/www.realmarina.realhotelsgroup.com\/pt-pt\/","name":"Real Marina Hotel & Spa","description":"Just another ms.decms.eu site","potentialAction":[{"@type":"SearchAction","target":{"@type":"EntryPoint","urlTemplate":"https:\/\/www.realmarina.realhotelsgroup.com\/pt-pt\/?s={search_term_string}"},"query-input":{"@type":"PropertyValueSpecification","valueRequired":true,"valueName":"search_term_string"}}],"inLanguage":"pt-PT"}]}},"acf":[],"_links":{"self":[{"href":"https:\/\/www.realmarina.realhotelsgroup.com\/pt-pt\/wp-json\/wp\/v2\/pages\/1761","targetHints":{"allow":["GET"]}}],"collection":[{"href":"https:\/\/www.realmarina.realhotelsgroup.com\/pt-pt\/wp-json\/wp\/v2\/pages"}],"about":[{"href":"https:\/\/www.realmarina.realhotelsgroup.com\/pt-pt\/wp-json\/wp\/v2\/types\/page"}],"author":[{"embeddable":true,"href":"https:\/\/www.realmarina.realhotelsgroup.com\/pt-pt\/wp-json\/wp\/v2\/users\/241"}],"replies":[{"embeddable":true,"href":"https:\/\/www.realmarina.realhotelsgroup.com\/pt-pt\/wp-json\/wp\/v2\/comments?post=1761"}],"version-history":[{"count":0,"href":"https:\/\/www.realmarina.realhotelsgroup.com\/pt-pt\/wp-json\/wp\/v2\/pages\/1761\/revisions"}],"up":[{"embeddable":true,"href":"https:\/\/www.realmarina.realhotelsgroup.com\/pt-pt\/wp-json\/wp\/v2\/pages\/233"}],"wp:featuredmedia":[{"embeddable":true,"href":"https:\/\/www.realmarina.realhotelsgroup.com\/pt-pt\/wp-json\/wp\/v2\/media\/1540"}],"wp:attachment":[{"href":"https:\/\/www.realmarina.realhotelsgroup.com\/pt-pt\/wp-json\/wp\/v2\/media?parent=1761"}],"curies":[{"name":"wp","href":"https:\/\/api.w.org\/{rel}","templated":true}]}}