{"id":165,"date":"2020-11-15T18:11:46","date_gmt":"2020-11-15T18:11:46","guid":{"rendered":"http:\/\/real-marina-hotel-spa.ms.decms.eu\/?page_id=165"},"modified":"2025-10-09T14:10:51","modified_gmt":"2025-10-09T14:10:51","slug":"real-restaurante","status":"publish","type":"page","link":"https:\/\/www.realmarina.realhotelsgroup.com\/pt-pt\/restaurantes-e-bares\/real-restaurante\/","title":{"rendered":"Real Restaurante"},"content":{"rendered":"<p>O <strong>Real Restaurante<\/strong> \u00e9 marcado por um ambiente descontra\u00eddo e moderno e \u00e9 a escolha ideal para as suas <strong>refei\u00e7\u00f5es<\/strong>.<\/p>\n<p>Inicie o seu dia com um<strong> delicioso e saud\u00e1vel pequeno-almo\u00e7o<\/strong>. As ofertas s\u00e3o diversificadas e passam por uma selec\u00e7\u00e3o variada de p\u00e3es e croissants, charcutaria, fruta, bolos, sumos, ch\u00e1s e caf\u00e9.<\/p>\n<p>Para <strong>jantar<\/strong> aposta-se na <strong>cozinha portuguesa<\/strong>, inspirada nos sabores t\u00edpicos da <strong>regi\u00e3o de Olh\u00e3o<\/strong>. Delicie-se com as nossas ameijoas da Ria Formosa \u00e0 Bulh\u00e3o Pato e uma irresist\u00edvel Presa Ib\u00e9rica, uma experi\u00eancia gastron\u00f3mica que vai conquistar \u00e0 primeira garfada.<\/p>\n<p>A perfeita sinergia de sabores, e a oferta diversificada, aliada \u00e0 vista panor\u00e2mica sobre a <strong>Ria Formosa<\/strong>, tornam o Real Restaurante o local perfeito para desfrutar de uma inigual\u00e1vel <strong>refei\u00e7\u00e3o<\/strong>.<\/p>\n<p>&nbsp;<\/p>\n","protected":false},"excerpt":{"rendered":"<p>O Real Restaurante \u00e9 marcado por um ambiente descontra\u00eddo e moderno e \u00e9 a escolha ideal para as suas refei\u00e7\u00f5es. Inicie o seu dia com um delicioso e saud\u00e1vel pequeno-almo\u00e7o. As ofertas s\u00e3o diversificadas e passam por uma selec\u00e7\u00e3o variada de p\u00e3es e croissants, charcutaria, fruta, bolos, sumos, ch\u00e1s e caf\u00e9. Para jantar aposta-se na [&hellip;]<\/p>\n","protected":false},"author":36,"featured_media":0,"parent":148,"menu_order":10,"comment_status":"closed","ping_status":"closed","template":"template-restaurant.php","meta":{"footnotes":""},"class_list":["post-165","page","type-page","status-publish","hentry"],"yoast_head":"<!-- This site is optimized with the Yoast SEO plugin v26.9 - https:\/\/yoast.com\/product\/yoast-seo-wordpress\/ -->\n<title>Real Restaurante - Real Marina Hotel &amp; Spa<\/title>\n<meta name=\"robots\" content=\"index, follow, max-snippet:-1, max-image-preview:large, max-video-preview:-1\" \/>\n<link rel=\"canonical\" href=\"https:\/\/www.realmarina.realhotelsgroup.com\/pt-pt\/restaurantes-e-bares\/real-restaurante\/\" \/>\n<meta property=\"og:locale\" content=\"pt_PT\" \/>\n<meta property=\"og:type\" content=\"article\" \/>\n<meta property=\"og:title\" content=\"Real Restaurante - Real Marina Hotel &amp; Spa\" \/>\n<meta property=\"og:description\" content=\"O Real Restaurante \u00e9 marcado por um ambiente descontra\u00eddo e moderno e \u00e9 a escolha ideal para as suas refei\u00e7\u00f5es. Inicie o seu dia com um delicioso e saud\u00e1vel pequeno-almo\u00e7o. As ofertas s\u00e3o diversificadas e passam por uma selec\u00e7\u00e3o variada de p\u00e3es e croissants, charcutaria, fruta, bolos, sumos, ch\u00e1s e caf\u00e9. Para jantar aposta-se na [&hellip;]\" \/>\n<meta property=\"og:url\" content=\"https:\/\/www.realmarina.realhotelsgroup.com\/pt-pt\/restaurantes-e-bares\/real-restaurante\/\" \/>\n<meta property=\"og:site_name\" content=\"Real Marina Hotel &amp; Spa\" \/>\n<meta property=\"article:modified_time\" content=\"2025-10-09T14:10:51+00:00\" \/>\n<meta name=\"twitter:card\" content=\"summary_large_image\" \/>\n<meta name=\"twitter:label1\" content=\"Tempo estimado de leitura\" \/>\n\t<meta name=\"twitter:data1\" content=\"1 minuto\" \/>\n<script type=\"application\/ld+json\" class=\"yoast-schema-graph\">{\"@context\":\"https:\/\/schema.org\",\"@graph\":[{\"@type\":\"WebPage\",\"@id\":\"https:\/\/www.realmarina.realhotelsgroup.com\/pt-pt\/restaurantes-e-bares\/real-restaurante\/\",\"url\":\"https:\/\/www.realmarina.realhotelsgroup.com\/pt-pt\/restaurantes-e-bares\/real-restaurante\/\",\"name\":\"Real Restaurante - Real Marina Hotel & Spa\",\"isPartOf\":{\"@id\":\"https:\/\/www.realmarina.realhotelsgroup.com\/pt-pt\/#website\"},\"datePublished\":\"2020-11-15T18:11:46+00:00\",\"dateModified\":\"2025-10-09T14:10:51+00:00\",\"breadcrumb\":{\"@id\":\"https:\/\/www.realmarina.realhotelsgroup.com\/pt-pt\/restaurantes-e-bares\/real-restaurante\/#breadcrumb\"},\"inLanguage\":\"pt-PT\",\"potentialAction\":[{\"@type\":\"ReadAction\",\"target\":[\"https:\/\/www.realmarina.realhotelsgroup.com\/pt-pt\/restaurantes-e-bares\/real-restaurante\/\"]}]},{\"@type\":\"BreadcrumbList\",\"@id\":\"https:\/\/www.realmarina.realhotelsgroup.com\/pt-pt\/restaurantes-e-bares\/real-restaurante\/#breadcrumb\",\"itemListElement\":[{\"@type\":\"ListItem\",\"position\":1,\"name\":\"Home\",\"item\":\"https:\/\/www.realmarina.realhotelsgroup.com\/pt-pt\/\"},{\"@type\":\"ListItem\",\"position\":2,\"name\":\"Restaurantes e Bares\",\"item\":\"https:\/\/www.realmarina.realhotelsgroup.com\/pt-pt\/restaurantes-e-bares\/\"},{\"@type\":\"ListItem\",\"position\":3,\"name\":\"Real Restaurante\"}]},{\"@type\":\"WebSite\",\"@id\":\"https:\/\/www.realmarina.realhotelsgroup.com\/pt-pt\/#website\",\"url\":\"https:\/\/www.realmarina.realhotelsgroup.com\/pt-pt\/\",\"name\":\"Real Marina Hotel & Spa\",\"description\":\"Just another ms.decms.eu site\",\"potentialAction\":[{\"@type\":\"SearchAction\",\"target\":{\"@type\":\"EntryPoint\",\"urlTemplate\":\"https:\/\/www.realmarina.realhotelsgroup.com\/pt-pt\/?s={search_term_string}\"},\"query-input\":{\"@type\":\"PropertyValueSpecification\",\"valueRequired\":true,\"valueName\":\"search_term_string\"}}],\"inLanguage\":\"pt-PT\"}]}<\/script>\n<!-- \/ Yoast SEO plugin. -->","yoast_head_json":{"title":"Real Restaurante - Real Marina Hotel & Spa","robots":{"index":"index","follow":"follow","max-snippet":"max-snippet:-1","max-image-preview":"max-image-preview:large","max-video-preview":"max-video-preview:-1"},"canonical":"https:\/\/www.realmarina.realhotelsgroup.com\/pt-pt\/restaurantes-e-bares\/real-restaurante\/","og_locale":"pt_PT","og_type":"article","og_title":"Real Restaurante - Real Marina Hotel & Spa","og_description":"O Real Restaurante \u00e9 marcado por um ambiente descontra\u00eddo e moderno e \u00e9 a escolha ideal para as suas refei\u00e7\u00f5es. Inicie o seu dia com um delicioso e saud\u00e1vel pequeno-almo\u00e7o. As ofertas s\u00e3o diversificadas e passam por uma selec\u00e7\u00e3o variada de p\u00e3es e croissants, charcutaria, fruta, bolos, sumos, ch\u00e1s e caf\u00e9. Para jantar aposta-se na [&hellip;]","og_url":"https:\/\/www.realmarina.realhotelsgroup.com\/pt-pt\/restaurantes-e-bares\/real-restaurante\/","og_site_name":"Real Marina Hotel & Spa","article_modified_time":"2025-10-09T14:10:51+00:00","twitter_card":"summary_large_image","twitter_misc":{"Tempo estimado de leitura":"1 minuto"},"schema":{"@context":"https:\/\/schema.org","@graph":[{"@type":"WebPage","@id":"https:\/\/www.realmarina.realhotelsgroup.com\/pt-pt\/restaurantes-e-bares\/real-restaurante\/","url":"https:\/\/www.realmarina.realhotelsgroup.com\/pt-pt\/restaurantes-e-bares\/real-restaurante\/","name":"Real Restaurante - Real Marina Hotel & Spa","isPartOf":{"@id":"https:\/\/www.realmarina.realhotelsgroup.com\/pt-pt\/#website"},"datePublished":"2020-11-15T18:11:46+00:00","dateModified":"2025-10-09T14:10:51+00:00","breadcrumb":{"@id":"https:\/\/www.realmarina.realhotelsgroup.com\/pt-pt\/restaurantes-e-bares\/real-restaurante\/#breadcrumb"},"inLanguage":"pt-PT","potentialAction":[{"@type":"ReadAction","target":["https:\/\/www.realmarina.realhotelsgroup.com\/pt-pt\/restaurantes-e-bares\/real-restaurante\/"]}]},{"@type":"BreadcrumbList","@id":"https:\/\/www.realmarina.realhotelsgroup.com\/pt-pt\/restaurantes-e-bares\/real-restaurante\/#breadcrumb","itemListElement":[{"@type":"ListItem","position":1,"name":"Home","item":"https:\/\/www.realmarina.realhotelsgroup.com\/pt-pt\/"},{"@type":"ListItem","position":2,"name":"Restaurantes e Bares","item":"https:\/\/www.realmarina.realhotelsgroup.com\/pt-pt\/restaurantes-e-bares\/"},{"@type":"ListItem","position":3,"name":"Real Restaurante"}]},{"@type":"WebSite","@id":"https:\/\/www.realmarina.realhotelsgroup.com\/pt-pt\/#website","url":"https:\/\/www.realmarina.realhotelsgroup.com\/pt-pt\/","name":"Real Marina Hotel & Spa","description":"Just another ms.decms.eu site","potentialAction":[{"@type":"SearchAction","target":{"@type":"EntryPoint","urlTemplate":"https:\/\/www.realmarina.realhotelsgroup.com\/pt-pt\/?s={search_term_string}"},"query-input":{"@type":"PropertyValueSpecification","valueRequired":true,"valueName":"search_term_string"}}],"inLanguage":"pt-PT"}]}},"acf":[],"_links":{"self":[{"href":"https:\/\/www.realmarina.realhotelsgroup.com\/pt-pt\/wp-json\/wp\/v2\/pages\/165","targetHints":{"allow":["GET"]}}],"collection":[{"href":"https:\/\/www.realmarina.realhotelsgroup.com\/pt-pt\/wp-json\/wp\/v2\/pages"}],"about":[{"href":"https:\/\/www.realmarina.realhotelsgroup.com\/pt-pt\/wp-json\/wp\/v2\/types\/page"}],"author":[{"embeddable":true,"href":"https:\/\/www.realmarina.realhotelsgroup.com\/pt-pt\/wp-json\/wp\/v2\/users\/36"}],"replies":[{"embeddable":true,"href":"https:\/\/www.realmarina.realhotelsgroup.com\/pt-pt\/wp-json\/wp\/v2\/comments?post=165"}],"version-history":[{"count":0,"href":"https:\/\/www.realmarina.realhotelsgroup.com\/pt-pt\/wp-json\/wp\/v2\/pages\/165\/revisions"}],"up":[{"embeddable":true,"href":"https:\/\/www.realmarina.realhotelsgroup.com\/pt-pt\/wp-json\/wp\/v2\/pages\/148"}],"wp:attachment":[{"href":"https:\/\/www.realmarina.realhotelsgroup.com\/pt-pt\/wp-json\/wp\/v2\/media?parent=165"}],"curies":[{"name":"wp","href":"https:\/\/api.w.org\/{rel}","templated":true}]}}