{"id":1580,"date":"2024-06-04T08:23:30","date_gmt":"2024-06-04T08:23:30","guid":{"rendered":"https:\/\/www.realmarina.realhotelsgroup.com\/?page_id=1580"},"modified":"2024-06-04T08:39:20","modified_gmt":"2024-06-04T08:39:20","slug":"tours-olhao","status":"publish","type":"page","link":"https:\/\/www.realmarina.realhotelsgroup.com\/pt-pt\/tours-olhao\/","title":{"rendered":"Tours em Olh\u00e3o"},"content":{"rendered":"<p>A Ria Formosa \u00e9 um <strong>lugar incr\u00edvel para explorar na regi\u00e3o do Algarve,<\/strong> em Portugal. Aqui est\u00e3o algumas op\u00e7\u00f5es de Tours que pode aproveitar na Ria Formosa.<\/p>\n<p><strong>Mais informa\u00e7\u00f5es junto \u00e0 recep\u00e7\u00e3o do hotel ou atrav\u00e9s dos contactos abaixo:<\/strong><br \/>\n<strong>Email:<\/strong> <a href=\"mailto:rmo@realhotelsgroup.com?subject=Tours na Ria Formosa | Informa\u00e7\u00f5es e Reservas\">rmo@realhotelsgroup.com<\/a><br \/>\n<strong>Telefone:<\/strong> (+351) 289 091 300 (Custo de uma chamada para a rede fixa nacional)<\/p>\n","protected":false},"excerpt":{"rendered":"<p>A Ria Formosa \u00e9 um lugar incr\u00edvel para explorar na regi\u00e3o do Algarve, em Portugal. Aqui est\u00e3o algumas op\u00e7\u00f5es de Tours que pode aproveitar na Ria Formosa. Mais informa\u00e7\u00f5es junto \u00e0 recep\u00e7\u00e3o do hotel ou atrav\u00e9s dos contactos abaixo: Email: rmo@realhotelsgroup.com Telefone: (+351) 289 091 300 (Custo de uma chamada para a rede fixa nacional)<\/p>\n","protected":false},"author":241,"featured_media":0,"parent":0,"menu_order":0,"comment_status":"closed","ping_status":"closed","template":"","meta":{"footnotes":""},"class_list":["post-1580","page","type-page","status-publish","hentry"],"yoast_head":"<!-- This site is optimized with the Yoast SEO plugin v26.9 - https:\/\/yoast.com\/product\/yoast-seo-wordpress\/ -->\n<title>Tours em Olh\u00e3o - Real Marina Hotel &amp; Spa<\/title>\n<meta name=\"robots\" content=\"index, follow, max-snippet:-1, max-image-preview:large, max-video-preview:-1\" \/>\n<link rel=\"canonical\" href=\"https:\/\/www.realmarina.realhotelsgroup.com\/pt-pt\/tours-olhao\/\" \/>\n<meta property=\"og:locale\" content=\"pt_PT\" \/>\n<meta property=\"og:type\" content=\"article\" \/>\n<meta property=\"og:title\" content=\"Tours em Olh\u00e3o - Real Marina Hotel &amp; Spa\" \/>\n<meta property=\"og:description\" content=\"A Ria Formosa \u00e9 um lugar incr\u00edvel para explorar na regi\u00e3o do Algarve, em Portugal. Aqui est\u00e3o algumas op\u00e7\u00f5es de Tours que pode aproveitar na Ria Formosa. Mais informa\u00e7\u00f5es junto \u00e0 recep\u00e7\u00e3o do hotel ou atrav\u00e9s dos contactos abaixo: Email: rmo@realhotelsgroup.com Telefone: (+351) 289 091 300 (Custo de uma chamada para a rede fixa nacional)\" \/>\n<meta property=\"og:url\" content=\"https:\/\/www.realmarina.realhotelsgroup.com\/pt-pt\/tours-olhao\/\" \/>\n<meta property=\"og:site_name\" content=\"Real Marina Hotel &amp; Spa\" \/>\n<meta property=\"article:modified_time\" content=\"2024-06-04T08:39:20+00:00\" \/>\n<meta name=\"twitter:card\" content=\"summary_large_image\" \/>\n<meta name=\"twitter:label1\" content=\"Tempo estimado de leitura\" \/>\n\t<meta name=\"twitter:data1\" content=\"1 minuto\" \/>\n<script type=\"application\/ld+json\" class=\"yoast-schema-graph\">{\"@context\":\"https:\/\/schema.org\",\"@graph\":[{\"@type\":\"WebPage\",\"@id\":\"https:\/\/www.realmarina.realhotelsgroup.com\/pt-pt\/tours-olhao\/\",\"url\":\"https:\/\/www.realmarina.realhotelsgroup.com\/pt-pt\/tours-olhao\/\",\"name\":\"Tours em Olh\u00e3o - Real Marina Hotel & Spa\",\"isPartOf\":{\"@id\":\"https:\/\/www.realmarina.realhotelsgroup.com\/pt-pt\/#website\"},\"datePublished\":\"2024-06-04T08:23:30+00:00\",\"dateModified\":\"2024-06-04T08:39:20+00:00\",\"breadcrumb\":{\"@id\":\"https:\/\/www.realmarina.realhotelsgroup.com\/pt-pt\/tours-olhao\/#breadcrumb\"},\"inLanguage\":\"pt-PT\",\"potentialAction\":[{\"@type\":\"ReadAction\",\"target\":[\"https:\/\/www.realmarina.realhotelsgroup.com\/pt-pt\/tours-olhao\/\"]}]},{\"@type\":\"BreadcrumbList\",\"@id\":\"https:\/\/www.realmarina.realhotelsgroup.com\/pt-pt\/tours-olhao\/#breadcrumb\",\"itemListElement\":[{\"@type\":\"ListItem\",\"position\":1,\"name\":\"Home\",\"item\":\"https:\/\/www.realmarina.realhotelsgroup.com\/pt-pt\/\"},{\"@type\":\"ListItem\",\"position\":2,\"name\":\"Tours em Olh\u00e3o\"}]},{\"@type\":\"WebSite\",\"@id\":\"https:\/\/www.realmarina.realhotelsgroup.com\/pt-pt\/#website\",\"url\":\"https:\/\/www.realmarina.realhotelsgroup.com\/pt-pt\/\",\"name\":\"Real Marina Hotel & Spa\",\"description\":\"Just another ms.decms.eu site\",\"potentialAction\":[{\"@type\":\"SearchAction\",\"target\":{\"@type\":\"EntryPoint\",\"urlTemplate\":\"https:\/\/www.realmarina.realhotelsgroup.com\/pt-pt\/?s={search_term_string}\"},\"query-input\":{\"@type\":\"PropertyValueSpecification\",\"valueRequired\":true,\"valueName\":\"search_term_string\"}}],\"inLanguage\":\"pt-PT\"}]}<\/script>\n<!-- \/ Yoast SEO plugin. -->","yoast_head_json":{"title":"Tours em Olh\u00e3o - Real Marina Hotel & Spa","robots":{"index":"index","follow":"follow","max-snippet":"max-snippet:-1","max-image-preview":"max-image-preview:large","max-video-preview":"max-video-preview:-1"},"canonical":"https:\/\/www.realmarina.realhotelsgroup.com\/pt-pt\/tours-olhao\/","og_locale":"pt_PT","og_type":"article","og_title":"Tours em Olh\u00e3o - Real Marina Hotel & Spa","og_description":"A Ria Formosa \u00e9 um lugar incr\u00edvel para explorar na regi\u00e3o do Algarve, em Portugal. Aqui est\u00e3o algumas op\u00e7\u00f5es de Tours que pode aproveitar na Ria Formosa. Mais informa\u00e7\u00f5es junto \u00e0 recep\u00e7\u00e3o do hotel ou atrav\u00e9s dos contactos abaixo: Email: rmo@realhotelsgroup.com Telefone: (+351) 289 091 300 (Custo de uma chamada para a rede fixa nacional)","og_url":"https:\/\/www.realmarina.realhotelsgroup.com\/pt-pt\/tours-olhao\/","og_site_name":"Real Marina Hotel & Spa","article_modified_time":"2024-06-04T08:39:20+00:00","twitter_card":"summary_large_image","twitter_misc":{"Tempo estimado de leitura":"1 minuto"},"schema":{"@context":"https:\/\/schema.org","@graph":[{"@type":"WebPage","@id":"https:\/\/www.realmarina.realhotelsgroup.com\/pt-pt\/tours-olhao\/","url":"https:\/\/www.realmarina.realhotelsgroup.com\/pt-pt\/tours-olhao\/","name":"Tours em Olh\u00e3o - Real Marina Hotel & Spa","isPartOf":{"@id":"https:\/\/www.realmarina.realhotelsgroup.com\/pt-pt\/#website"},"datePublished":"2024-06-04T08:23:30+00:00","dateModified":"2024-06-04T08:39:20+00:00","breadcrumb":{"@id":"https:\/\/www.realmarina.realhotelsgroup.com\/pt-pt\/tours-olhao\/#breadcrumb"},"inLanguage":"pt-PT","potentialAction":[{"@type":"ReadAction","target":["https:\/\/www.realmarina.realhotelsgroup.com\/pt-pt\/tours-olhao\/"]}]},{"@type":"BreadcrumbList","@id":"https:\/\/www.realmarina.realhotelsgroup.com\/pt-pt\/tours-olhao\/#breadcrumb","itemListElement":[{"@type":"ListItem","position":1,"name":"Home","item":"https:\/\/www.realmarina.realhotelsgroup.com\/pt-pt\/"},{"@type":"ListItem","position":2,"name":"Tours em Olh\u00e3o"}]},{"@type":"WebSite","@id":"https:\/\/www.realmarina.realhotelsgroup.com\/pt-pt\/#website","url":"https:\/\/www.realmarina.realhotelsgroup.com\/pt-pt\/","name":"Real Marina Hotel & Spa","description":"Just another ms.decms.eu site","potentialAction":[{"@type":"SearchAction","target":{"@type":"EntryPoint","urlTemplate":"https:\/\/www.realmarina.realhotelsgroup.com\/pt-pt\/?s={search_term_string}"},"query-input":{"@type":"PropertyValueSpecification","valueRequired":true,"valueName":"search_term_string"}}],"inLanguage":"pt-PT"}]}},"acf":[],"_links":{"self":[{"href":"https:\/\/www.realmarina.realhotelsgroup.com\/pt-pt\/wp-json\/wp\/v2\/pages\/1580","targetHints":{"allow":["GET"]}}],"collection":[{"href":"https:\/\/www.realmarina.realhotelsgroup.com\/pt-pt\/wp-json\/wp\/v2\/pages"}],"about":[{"href":"https:\/\/www.realmarina.realhotelsgroup.com\/pt-pt\/wp-json\/wp\/v2\/types\/page"}],"author":[{"embeddable":true,"href":"https:\/\/www.realmarina.realhotelsgroup.com\/pt-pt\/wp-json\/wp\/v2\/users\/241"}],"replies":[{"embeddable":true,"href":"https:\/\/www.realmarina.realhotelsgroup.com\/pt-pt\/wp-json\/wp\/v2\/comments?post=1580"}],"version-history":[{"count":0,"href":"https:\/\/www.realmarina.realhotelsgroup.com\/pt-pt\/wp-json\/wp\/v2\/pages\/1580\/revisions"}],"wp:attachment":[{"href":"https:\/\/www.realmarina.realhotelsgroup.com\/pt-pt\/wp-json\/wp\/v2\/media?parent=1580"}],"curies":[{"name":"wp","href":"https:\/\/api.w.org\/{rel}","templated":true}]}}