{"id":148,"date":"2020-11-13T16:50:34","date_gmt":"2020-11-13T16:50:34","guid":{"rendered":"http:\/\/real-marina-hotel-spa.ms.decms.eu\/?page_id=148"},"modified":"2024-05-15T10:39:11","modified_gmt":"2024-05-15T10:39:11","slug":"restaurantes-e-bares","status":"publish","type":"page","link":"https:\/\/www.realmarina.realhotelsgroup.com\/pt-pt\/restaurantes-e-bares\/","title":{"rendered":"Restaurantes e Bares"},"content":{"rendered":"<p><strong>Restaurantes e bares<\/strong> de excel\u00eancia, onde pode desfrutar dos melhores <strong>pratos e petiscos da cozinha tradicional do Algarve<\/strong>, est\u00e3o localizados no <strong>Real Marina Hotel &amp; Spa<\/strong> em <strong>Olh\u00e3o<\/strong>.<\/p>\n<p>Com uma <strong>vista privilegiada sobre a Ria Formosa<\/strong>, nestes espa\u00e7os pode fazer todas as<strong> refei\u00e7\u00f5es<\/strong>. Se pretende <strong>almo\u00e7ar ou comer um snack<\/strong>, o <strong>Ria Restaurante-Bar<\/strong> \u00e9 a op\u00e7\u00e3o ideal. A sua <strong>esplanada<\/strong> convida a que saboreie alguns dos melhores petiscos locais. Para <strong>jantar<\/strong>, opte pelo <strong>Real Restaurante<\/strong> com pratos inspirados na <strong>cozinha tradicional portuguesa<\/strong>. E para descontrair ao final do dia, refresque-se com um <strong>cocktail de assinatura no Real Bar<\/strong>.<\/p>\n<p>Em <strong>fam\u00edlia ou com amigos<\/strong>, aproveite para desvendar os <strong>segredos da gastronomia Algarvia<\/strong>.<\/p>\n","protected":false},"excerpt":{"rendered":"<p>Restaurantes e bares de excel\u00eancia, onde pode desfrutar dos melhores pratos e petiscos da cozinha tradicional do Algarve, est\u00e3o localizados no Real Marina Hotel &amp; Spa em Olh\u00e3o. Com uma vista privilegiada sobre a Ria Formosa, nestes espa\u00e7os pode fazer todas as refei\u00e7\u00f5es. Se pretende almo\u00e7ar ou comer um snack, o Ria Restaurante-Bar \u00e9 a [&hellip;]<\/p>\n","protected":false},"author":36,"featured_media":0,"parent":0,"menu_order":30,"comment_status":"closed","ping_status":"closed","template":"","meta":{"footnotes":""},"class_list":["post-148","page","type-page","status-publish","hentry"],"yoast_head":"<!-- This site is optimized with the Yoast SEO plugin v26.9 - https:\/\/yoast.com\/product\/yoast-seo-wordpress\/ -->\n<title>Restaurantes e Bares - Real Marina Hotel &amp; Spa<\/title>\n<meta name=\"robots\" content=\"index, follow, max-snippet:-1, max-image-preview:large, max-video-preview:-1\" \/>\n<link rel=\"canonical\" href=\"https:\/\/www.realmarina.realhotelsgroup.com\/pt-pt\/restaurantes-e-bares\/\" \/>\n<meta property=\"og:locale\" content=\"pt_PT\" \/>\n<meta property=\"og:type\" content=\"article\" \/>\n<meta property=\"og:title\" content=\"Restaurantes e Bares - Real Marina Hotel &amp; Spa\" \/>\n<meta property=\"og:description\" content=\"Restaurantes e bares de excel\u00eancia, onde pode desfrutar dos melhores pratos e petiscos da cozinha tradicional do Algarve, est\u00e3o localizados no Real Marina Hotel &amp; Spa em Olh\u00e3o. Com uma vista privilegiada sobre a Ria Formosa, nestes espa\u00e7os pode fazer todas as refei\u00e7\u00f5es. Se pretende almo\u00e7ar ou comer um snack, o Ria Restaurante-Bar \u00e9 a [&hellip;]\" \/>\n<meta property=\"og:url\" content=\"https:\/\/www.realmarina.realhotelsgroup.com\/pt-pt\/restaurantes-e-bares\/\" \/>\n<meta property=\"og:site_name\" content=\"Real Marina Hotel &amp; Spa\" \/>\n<meta property=\"article:modified_time\" content=\"2024-05-15T10:39:11+00:00\" \/>\n<meta name=\"twitter:card\" content=\"summary_large_image\" \/>\n<meta name=\"twitter:label1\" content=\"Tempo estimado de leitura\" \/>\n\t<meta name=\"twitter:data1\" content=\"1 minuto\" \/>\n<script type=\"application\/ld+json\" class=\"yoast-schema-graph\">{\"@context\":\"https:\/\/schema.org\",\"@graph\":[{\"@type\":\"WebPage\",\"@id\":\"https:\/\/www.realmarina.realhotelsgroup.com\/pt-pt\/restaurantes-e-bares\/\",\"url\":\"https:\/\/www.realmarina.realhotelsgroup.com\/pt-pt\/restaurantes-e-bares\/\",\"name\":\"Restaurantes e Bares - Real Marina Hotel & Spa\",\"isPartOf\":{\"@id\":\"https:\/\/www.realmarina.realhotelsgroup.com\/pt-pt\/#website\"},\"datePublished\":\"2020-11-13T16:50:34+00:00\",\"dateModified\":\"2024-05-15T10:39:11+00:00\",\"breadcrumb\":{\"@id\":\"https:\/\/www.realmarina.realhotelsgroup.com\/pt-pt\/restaurantes-e-bares\/#breadcrumb\"},\"inLanguage\":\"pt-PT\",\"potentialAction\":[{\"@type\":\"ReadAction\",\"target\":[\"https:\/\/www.realmarina.realhotelsgroup.com\/pt-pt\/restaurantes-e-bares\/\"]}]},{\"@type\":\"BreadcrumbList\",\"@id\":\"https:\/\/www.realmarina.realhotelsgroup.com\/pt-pt\/restaurantes-e-bares\/#breadcrumb\",\"itemListElement\":[{\"@type\":\"ListItem\",\"position\":1,\"name\":\"Home\",\"item\":\"https:\/\/www.realmarina.realhotelsgroup.com\/pt-pt\/\"},{\"@type\":\"ListItem\",\"position\":2,\"name\":\"Restaurantes e Bares\"}]},{\"@type\":\"WebSite\",\"@id\":\"https:\/\/www.realmarina.realhotelsgroup.com\/pt-pt\/#website\",\"url\":\"https:\/\/www.realmarina.realhotelsgroup.com\/pt-pt\/\",\"name\":\"Real Marina Hotel & Spa\",\"description\":\"Just another ms.decms.eu site\",\"potentialAction\":[{\"@type\":\"SearchAction\",\"target\":{\"@type\":\"EntryPoint\",\"urlTemplate\":\"https:\/\/www.realmarina.realhotelsgroup.com\/pt-pt\/?s={search_term_string}\"},\"query-input\":{\"@type\":\"PropertyValueSpecification\",\"valueRequired\":true,\"valueName\":\"search_term_string\"}}],\"inLanguage\":\"pt-PT\"}]}<\/script>\n<!-- \/ Yoast SEO plugin. -->","yoast_head_json":{"title":"Restaurantes e Bares - Real Marina Hotel & Spa","robots":{"index":"index","follow":"follow","max-snippet":"max-snippet:-1","max-image-preview":"max-image-preview:large","max-video-preview":"max-video-preview:-1"},"canonical":"https:\/\/www.realmarina.realhotelsgroup.com\/pt-pt\/restaurantes-e-bares\/","og_locale":"pt_PT","og_type":"article","og_title":"Restaurantes e Bares - Real Marina Hotel & Spa","og_description":"Restaurantes e bares de excel\u00eancia, onde pode desfrutar dos melhores pratos e petiscos da cozinha tradicional do Algarve, est\u00e3o localizados no Real Marina Hotel &amp; Spa em Olh\u00e3o. Com uma vista privilegiada sobre a Ria Formosa, nestes espa\u00e7os pode fazer todas as refei\u00e7\u00f5es. Se pretende almo\u00e7ar ou comer um snack, o Ria Restaurante-Bar \u00e9 a [&hellip;]","og_url":"https:\/\/www.realmarina.realhotelsgroup.com\/pt-pt\/restaurantes-e-bares\/","og_site_name":"Real Marina Hotel & Spa","article_modified_time":"2024-05-15T10:39:11+00:00","twitter_card":"summary_large_image","twitter_misc":{"Tempo estimado de leitura":"1 minuto"},"schema":{"@context":"https:\/\/schema.org","@graph":[{"@type":"WebPage","@id":"https:\/\/www.realmarina.realhotelsgroup.com\/pt-pt\/restaurantes-e-bares\/","url":"https:\/\/www.realmarina.realhotelsgroup.com\/pt-pt\/restaurantes-e-bares\/","name":"Restaurantes e Bares - Real Marina Hotel & Spa","isPartOf":{"@id":"https:\/\/www.realmarina.realhotelsgroup.com\/pt-pt\/#website"},"datePublished":"2020-11-13T16:50:34+00:00","dateModified":"2024-05-15T10:39:11+00:00","breadcrumb":{"@id":"https:\/\/www.realmarina.realhotelsgroup.com\/pt-pt\/restaurantes-e-bares\/#breadcrumb"},"inLanguage":"pt-PT","potentialAction":[{"@type":"ReadAction","target":["https:\/\/www.realmarina.realhotelsgroup.com\/pt-pt\/restaurantes-e-bares\/"]}]},{"@type":"BreadcrumbList","@id":"https:\/\/www.realmarina.realhotelsgroup.com\/pt-pt\/restaurantes-e-bares\/#breadcrumb","itemListElement":[{"@type":"ListItem","position":1,"name":"Home","item":"https:\/\/www.realmarina.realhotelsgroup.com\/pt-pt\/"},{"@type":"ListItem","position":2,"name":"Restaurantes e Bares"}]},{"@type":"WebSite","@id":"https:\/\/www.realmarina.realhotelsgroup.com\/pt-pt\/#website","url":"https:\/\/www.realmarina.realhotelsgroup.com\/pt-pt\/","name":"Real Marina Hotel & Spa","description":"Just another ms.decms.eu site","potentialAction":[{"@type":"SearchAction","target":{"@type":"EntryPoint","urlTemplate":"https:\/\/www.realmarina.realhotelsgroup.com\/pt-pt\/?s={search_term_string}"},"query-input":{"@type":"PropertyValueSpecification","valueRequired":true,"valueName":"search_term_string"}}],"inLanguage":"pt-PT"}]}},"acf":[],"_links":{"self":[{"href":"https:\/\/www.realmarina.realhotelsgroup.com\/pt-pt\/wp-json\/wp\/v2\/pages\/148","targetHints":{"allow":["GET"]}}],"collection":[{"href":"https:\/\/www.realmarina.realhotelsgroup.com\/pt-pt\/wp-json\/wp\/v2\/pages"}],"about":[{"href":"https:\/\/www.realmarina.realhotelsgroup.com\/pt-pt\/wp-json\/wp\/v2\/types\/page"}],"author":[{"embeddable":true,"href":"https:\/\/www.realmarina.realhotelsgroup.com\/pt-pt\/wp-json\/wp\/v2\/users\/36"}],"replies":[{"embeddable":true,"href":"https:\/\/www.realmarina.realhotelsgroup.com\/pt-pt\/wp-json\/wp\/v2\/comments?post=148"}],"version-history":[{"count":0,"href":"https:\/\/www.realmarina.realhotelsgroup.com\/pt-pt\/wp-json\/wp\/v2\/pages\/148\/revisions"}],"wp:attachment":[{"href":"https:\/\/www.realmarina.realhotelsgroup.com\/pt-pt\/wp-json\/wp\/v2\/media?parent=148"}],"curies":[{"name":"wp","href":"https:\/\/api.w.org\/{rel}","templated":true}]}}