{"id":126,"date":"2020-11-13T15:38:48","date_gmt":"2020-11-13T15:38:48","guid":{"rendered":"http:\/\/real-marina-hotel-spa.ms.decms.eu\/?page_id=126"},"modified":"2023-03-13T09:54:41","modified_gmt":"2023-03-13T09:54:41","slug":"suites-vista-ria-formosa","status":"publish","type":"page","link":"https:\/\/www.realmarina.realhotelsgroup.com\/pt-pt\/quartos-e-suites\/suites-vista-ria-formosa\/","title":{"rendered":"Suites Vista Ria Formosa"},"content":{"rendered":"<p>As <strong>6 Suites<\/strong> do <strong>Real Marina Hotel &amp; Spa<\/strong> distinguem-se pela vista para a <strong>Ria Formosa<\/strong> e pela decora\u00e7\u00e3o em tons quentes, creme e terra.<br \/>\nPara <strong>f\u00e9rias em fam\u00edlia<\/strong> ou para uma <strong>estadia prolongada<\/strong>, usufrua do conforto de um espa\u00e7o, dividido em \u00e1reas distintas, que privilegia a sua <strong>privacidade e bem-estar<\/strong>.<\/p>\n","protected":false},"excerpt":{"rendered":"<p>As 6 Suites do Real Marina Hotel &amp; Spa distinguem-se pela vista para a Ria Formosa e pela decora\u00e7\u00e3o em tons quentes, creme e terra. Para f\u00e9rias em fam\u00edlia ou para uma estadia prolongada, usufrua do conforto de um espa\u00e7o, dividido em \u00e1reas distintas, que privilegia a sua privacidade e bem-estar.<\/p>\n","protected":false},"author":36,"featured_media":0,"parent":93,"menu_order":30,"comment_status":"closed","ping_status":"closed","template":"template-room.php","meta":{"footnotes":""},"class_list":["post-126","page","type-page","status-publish","hentry"],"yoast_head":"<!-- This site is optimized with the Yoast SEO plugin v26.9 - https:\/\/yoast.com\/product\/yoast-seo-wordpress\/ -->\n<title>Suites Vista Ria Formosa - Real Marina Hotel &amp; Spa<\/title>\n<meta name=\"robots\" content=\"index, follow, max-snippet:-1, max-image-preview:large, max-video-preview:-1\" \/>\n<link rel=\"canonical\" href=\"https:\/\/www.realmarina.realhotelsgroup.com\/pt-pt\/quartos-e-suites\/suites-vista-ria-formosa\/\" \/>\n<meta property=\"og:locale\" content=\"pt_PT\" \/>\n<meta property=\"og:type\" content=\"article\" \/>\n<meta property=\"og:title\" content=\"Suites Vista Ria Formosa - Real Marina Hotel &amp; Spa\" \/>\n<meta property=\"og:description\" content=\"As 6 Suites do Real Marina Hotel &amp; Spa distinguem-se pela vista para a Ria Formosa e pela decora\u00e7\u00e3o em tons quentes, creme e terra. Para f\u00e9rias em fam\u00edlia ou para uma estadia prolongada, usufrua do conforto de um espa\u00e7o, dividido em \u00e1reas distintas, que privilegia a sua privacidade e bem-estar.\" \/>\n<meta property=\"og:url\" content=\"https:\/\/www.realmarina.realhotelsgroup.com\/pt-pt\/quartos-e-suites\/suites-vista-ria-formosa\/\" \/>\n<meta property=\"og:site_name\" content=\"Real Marina Hotel &amp; Spa\" \/>\n<meta property=\"article:modified_time\" content=\"2023-03-13T09:54:41+00:00\" \/>\n<meta name=\"twitter:card\" content=\"summary_large_image\" \/>\n<meta name=\"twitter:label1\" content=\"Tempo estimado de leitura\" \/>\n\t<meta name=\"twitter:data1\" content=\"1 minuto\" \/>\n<script type=\"application\/ld+json\" class=\"yoast-schema-graph\">{\"@context\":\"https:\/\/schema.org\",\"@graph\":[{\"@type\":\"WebPage\",\"@id\":\"https:\/\/www.realmarina.realhotelsgroup.com\/pt-pt\/quartos-e-suites\/suites-vista-ria-formosa\/\",\"url\":\"https:\/\/www.realmarina.realhotelsgroup.com\/pt-pt\/quartos-e-suites\/suites-vista-ria-formosa\/\",\"name\":\"Suites Vista Ria Formosa - Real Marina Hotel & Spa\",\"isPartOf\":{\"@id\":\"https:\/\/www.realmarina.realhotelsgroup.com\/pt-pt\/#website\"},\"datePublished\":\"2020-11-13T15:38:48+00:00\",\"dateModified\":\"2023-03-13T09:54:41+00:00\",\"breadcrumb\":{\"@id\":\"https:\/\/www.realmarina.realhotelsgroup.com\/pt-pt\/quartos-e-suites\/suites-vista-ria-formosa\/#breadcrumb\"},\"inLanguage\":\"pt-PT\",\"potentialAction\":[{\"@type\":\"ReadAction\",\"target\":[\"https:\/\/www.realmarina.realhotelsgroup.com\/pt-pt\/quartos-e-suites\/suites-vista-ria-formosa\/\"]}]},{\"@type\":\"BreadcrumbList\",\"@id\":\"https:\/\/www.realmarina.realhotelsgroup.com\/pt-pt\/quartos-e-suites\/suites-vista-ria-formosa\/#breadcrumb\",\"itemListElement\":[{\"@type\":\"ListItem\",\"position\":1,\"name\":\"Home\",\"item\":\"https:\/\/www.realmarina.realhotelsgroup.com\/pt-pt\/\"},{\"@type\":\"ListItem\",\"position\":2,\"name\":\"Quartos e Suites\",\"item\":\"https:\/\/www.realmarina.realhotelsgroup.com\/pt-pt\/quartos-e-suites\/\"},{\"@type\":\"ListItem\",\"position\":3,\"name\":\"Suites Vista Ria Formosa\"}]},{\"@type\":\"WebSite\",\"@id\":\"https:\/\/www.realmarina.realhotelsgroup.com\/pt-pt\/#website\",\"url\":\"https:\/\/www.realmarina.realhotelsgroup.com\/pt-pt\/\",\"name\":\"Real Marina Hotel & Spa\",\"description\":\"Just another ms.decms.eu site\",\"potentialAction\":[{\"@type\":\"SearchAction\",\"target\":{\"@type\":\"EntryPoint\",\"urlTemplate\":\"https:\/\/www.realmarina.realhotelsgroup.com\/pt-pt\/?s={search_term_string}\"},\"query-input\":{\"@type\":\"PropertyValueSpecification\",\"valueRequired\":true,\"valueName\":\"search_term_string\"}}],\"inLanguage\":\"pt-PT\"}]}<\/script>\n<!-- \/ Yoast SEO plugin. -->","yoast_head_json":{"title":"Suites Vista Ria Formosa - Real Marina Hotel & Spa","robots":{"index":"index","follow":"follow","max-snippet":"max-snippet:-1","max-image-preview":"max-image-preview:large","max-video-preview":"max-video-preview:-1"},"canonical":"https:\/\/www.realmarina.realhotelsgroup.com\/pt-pt\/quartos-e-suites\/suites-vista-ria-formosa\/","og_locale":"pt_PT","og_type":"article","og_title":"Suites Vista Ria Formosa - Real Marina Hotel & Spa","og_description":"As 6 Suites do Real Marina Hotel &amp; Spa distinguem-se pela vista para a Ria Formosa e pela decora\u00e7\u00e3o em tons quentes, creme e terra. Para f\u00e9rias em fam\u00edlia ou para uma estadia prolongada, usufrua do conforto de um espa\u00e7o, dividido em \u00e1reas distintas, que privilegia a sua privacidade e bem-estar.","og_url":"https:\/\/www.realmarina.realhotelsgroup.com\/pt-pt\/quartos-e-suites\/suites-vista-ria-formosa\/","og_site_name":"Real Marina Hotel & Spa","article_modified_time":"2023-03-13T09:54:41+00:00","twitter_card":"summary_large_image","twitter_misc":{"Tempo estimado de leitura":"1 minuto"},"schema":{"@context":"https:\/\/schema.org","@graph":[{"@type":"WebPage","@id":"https:\/\/www.realmarina.realhotelsgroup.com\/pt-pt\/quartos-e-suites\/suites-vista-ria-formosa\/","url":"https:\/\/www.realmarina.realhotelsgroup.com\/pt-pt\/quartos-e-suites\/suites-vista-ria-formosa\/","name":"Suites Vista Ria Formosa - Real Marina Hotel & Spa","isPartOf":{"@id":"https:\/\/www.realmarina.realhotelsgroup.com\/pt-pt\/#website"},"datePublished":"2020-11-13T15:38:48+00:00","dateModified":"2023-03-13T09:54:41+00:00","breadcrumb":{"@id":"https:\/\/www.realmarina.realhotelsgroup.com\/pt-pt\/quartos-e-suites\/suites-vista-ria-formosa\/#breadcrumb"},"inLanguage":"pt-PT","potentialAction":[{"@type":"ReadAction","target":["https:\/\/www.realmarina.realhotelsgroup.com\/pt-pt\/quartos-e-suites\/suites-vista-ria-formosa\/"]}]},{"@type":"BreadcrumbList","@id":"https:\/\/www.realmarina.realhotelsgroup.com\/pt-pt\/quartos-e-suites\/suites-vista-ria-formosa\/#breadcrumb","itemListElement":[{"@type":"ListItem","position":1,"name":"Home","item":"https:\/\/www.realmarina.realhotelsgroup.com\/pt-pt\/"},{"@type":"ListItem","position":2,"name":"Quartos e Suites","item":"https:\/\/www.realmarina.realhotelsgroup.com\/pt-pt\/quartos-e-suites\/"},{"@type":"ListItem","position":3,"name":"Suites Vista Ria Formosa"}]},{"@type":"WebSite","@id":"https:\/\/www.realmarina.realhotelsgroup.com\/pt-pt\/#website","url":"https:\/\/www.realmarina.realhotelsgroup.com\/pt-pt\/","name":"Real Marina Hotel & Spa","description":"Just another ms.decms.eu site","potentialAction":[{"@type":"SearchAction","target":{"@type":"EntryPoint","urlTemplate":"https:\/\/www.realmarina.realhotelsgroup.com\/pt-pt\/?s={search_term_string}"},"query-input":{"@type":"PropertyValueSpecification","valueRequired":true,"valueName":"search_term_string"}}],"inLanguage":"pt-PT"}]}},"acf":[],"_links":{"self":[{"href":"https:\/\/www.realmarina.realhotelsgroup.com\/pt-pt\/wp-json\/wp\/v2\/pages\/126","targetHints":{"allow":["GET"]}}],"collection":[{"href":"https:\/\/www.realmarina.realhotelsgroup.com\/pt-pt\/wp-json\/wp\/v2\/pages"}],"about":[{"href":"https:\/\/www.realmarina.realhotelsgroup.com\/pt-pt\/wp-json\/wp\/v2\/types\/page"}],"author":[{"embeddable":true,"href":"https:\/\/www.realmarina.realhotelsgroup.com\/pt-pt\/wp-json\/wp\/v2\/users\/36"}],"replies":[{"embeddable":true,"href":"https:\/\/www.realmarina.realhotelsgroup.com\/pt-pt\/wp-json\/wp\/v2\/comments?post=126"}],"version-history":[{"count":0,"href":"https:\/\/www.realmarina.realhotelsgroup.com\/pt-pt\/wp-json\/wp\/v2\/pages\/126\/revisions"}],"up":[{"embeddable":true,"href":"https:\/\/www.realmarina.realhotelsgroup.com\/pt-pt\/wp-json\/wp\/v2\/pages\/93"}],"wp:attachment":[{"href":"https:\/\/www.realmarina.realhotelsgroup.com\/pt-pt\/wp-json\/wp\/v2\/media?parent=126"}],"curies":[{"name":"wp","href":"https:\/\/api.w.org\/{rel}","templated":true}]}}