{"id":103,"date":"2020-11-13T11:35:46","date_gmt":"2020-11-13T11:35:46","guid":{"rendered":"http:\/\/real-marina-hotel-spa.ms.decms.eu\/?page_id=103"},"modified":"2023-03-13T09:52:30","modified_gmt":"2023-03-13T09:52:30","slug":"quartos-twin-ou-duplo-com-vista-village","status":"publish","type":"page","link":"https:\/\/www.realmarina.realhotelsgroup.com\/pt-pt\/quartos-e-suites\/quartos-twin-ou-duplo-com-vista-village\/","title":{"rendered":"Quartos Twin ou Duplo com vista Village"},"content":{"rendered":"<p>Os 72 <strong>Quartos Twin<\/strong> t\u00eam vista para a cidade de <strong>Olh\u00e3o<\/strong>, s\u00e3o marcados por uma decora\u00e7\u00e3o em v\u00e1rias tonalidades de azul, criando uma harmonia entre o <strong>Hotel<\/strong> e <strong>Ria Formosa<\/strong>.<\/p>\n","protected":false},"excerpt":{"rendered":"<p>Os 72 Quartos Twin t\u00eam vista para a cidade de Olh\u00e3o, s\u00e3o marcados por uma decora\u00e7\u00e3o em v\u00e1rias tonalidades de azul, criando uma harmonia entre o Hotel e Ria Formosa.<\/p>\n","protected":false},"author":36,"featured_media":0,"parent":93,"menu_order":10,"comment_status":"closed","ping_status":"closed","template":"template-room.php","meta":{"footnotes":""},"class_list":["post-103","page","type-page","status-publish","hentry"],"yoast_head":"<!-- This site is optimized with the Yoast SEO plugin v26.9 - https:\/\/yoast.com\/product\/yoast-seo-wordpress\/ -->\n<title>Quartos Twin ou Duplo com vista Village - Real Marina Hotel &amp; Spa<\/title>\n<meta name=\"robots\" content=\"index, follow, max-snippet:-1, max-image-preview:large, max-video-preview:-1\" \/>\n<link rel=\"canonical\" href=\"https:\/\/www.realmarina.realhotelsgroup.com\/pt-pt\/quartos-e-suites\/quartos-twin-ou-duplo-com-vista-village\/\" \/>\n<meta property=\"og:locale\" content=\"pt_PT\" \/>\n<meta property=\"og:type\" content=\"article\" \/>\n<meta property=\"og:title\" content=\"Quartos Twin ou Duplo com vista Village - Real Marina Hotel &amp; Spa\" \/>\n<meta property=\"og:description\" content=\"Os 72 Quartos Twin t\u00eam vista para a cidade de Olh\u00e3o, s\u00e3o marcados por uma decora\u00e7\u00e3o em v\u00e1rias tonalidades de azul, criando uma harmonia entre o Hotel e Ria Formosa.\" \/>\n<meta property=\"og:url\" content=\"https:\/\/www.realmarina.realhotelsgroup.com\/pt-pt\/quartos-e-suites\/quartos-twin-ou-duplo-com-vista-village\/\" \/>\n<meta property=\"og:site_name\" content=\"Real Marina Hotel &amp; Spa\" \/>\n<meta property=\"article:modified_time\" content=\"2023-03-13T09:52:30+00:00\" \/>\n<meta name=\"twitter:card\" content=\"summary_large_image\" \/>\n<meta name=\"twitter:label1\" content=\"Tempo estimado de leitura\" \/>\n\t<meta name=\"twitter:data1\" content=\"1 minuto\" \/>\n<script type=\"application\/ld+json\" class=\"yoast-schema-graph\">{\"@context\":\"https:\/\/schema.org\",\"@graph\":[{\"@type\":\"WebPage\",\"@id\":\"https:\/\/www.realmarina.realhotelsgroup.com\/pt-pt\/quartos-e-suites\/quartos-twin-ou-duplo-com-vista-village\/\",\"url\":\"https:\/\/www.realmarina.realhotelsgroup.com\/pt-pt\/quartos-e-suites\/quartos-twin-ou-duplo-com-vista-village\/\",\"name\":\"Quartos Twin ou Duplo com vista Village - Real Marina Hotel & Spa\",\"isPartOf\":{\"@id\":\"https:\/\/www.realmarina.realhotelsgroup.com\/pt-pt\/#website\"},\"datePublished\":\"2020-11-13T11:35:46+00:00\",\"dateModified\":\"2023-03-13T09:52:30+00:00\",\"breadcrumb\":{\"@id\":\"https:\/\/www.realmarina.realhotelsgroup.com\/pt-pt\/quartos-e-suites\/quartos-twin-ou-duplo-com-vista-village\/#breadcrumb\"},\"inLanguage\":\"pt-PT\",\"potentialAction\":[{\"@type\":\"ReadAction\",\"target\":[\"https:\/\/www.realmarina.realhotelsgroup.com\/pt-pt\/quartos-e-suites\/quartos-twin-ou-duplo-com-vista-village\/\"]}]},{\"@type\":\"BreadcrumbList\",\"@id\":\"https:\/\/www.realmarina.realhotelsgroup.com\/pt-pt\/quartos-e-suites\/quartos-twin-ou-duplo-com-vista-village\/#breadcrumb\",\"itemListElement\":[{\"@type\":\"ListItem\",\"position\":1,\"name\":\"Home\",\"item\":\"https:\/\/www.realmarina.realhotelsgroup.com\/pt-pt\/\"},{\"@type\":\"ListItem\",\"position\":2,\"name\":\"Quartos e Suites\",\"item\":\"https:\/\/www.realmarina.realhotelsgroup.com\/pt-pt\/quartos-e-suites\/\"},{\"@type\":\"ListItem\",\"position\":3,\"name\":\"Quartos Twin ou Duplo com vista Village\"}]},{\"@type\":\"WebSite\",\"@id\":\"https:\/\/www.realmarina.realhotelsgroup.com\/pt-pt\/#website\",\"url\":\"https:\/\/www.realmarina.realhotelsgroup.com\/pt-pt\/\",\"name\":\"Real Marina Hotel & Spa\",\"description\":\"Just another ms.decms.eu site\",\"potentialAction\":[{\"@type\":\"SearchAction\",\"target\":{\"@type\":\"EntryPoint\",\"urlTemplate\":\"https:\/\/www.realmarina.realhotelsgroup.com\/pt-pt\/?s={search_term_string}\"},\"query-input\":{\"@type\":\"PropertyValueSpecification\",\"valueRequired\":true,\"valueName\":\"search_term_string\"}}],\"inLanguage\":\"pt-PT\"}]}<\/script>\n<!-- \/ Yoast SEO plugin. -->","yoast_head_json":{"title":"Quartos Twin ou Duplo com vista Village - Real Marina Hotel & Spa","robots":{"index":"index","follow":"follow","max-snippet":"max-snippet:-1","max-image-preview":"max-image-preview:large","max-video-preview":"max-video-preview:-1"},"canonical":"https:\/\/www.realmarina.realhotelsgroup.com\/pt-pt\/quartos-e-suites\/quartos-twin-ou-duplo-com-vista-village\/","og_locale":"pt_PT","og_type":"article","og_title":"Quartos Twin ou Duplo com vista Village - Real Marina Hotel & Spa","og_description":"Os 72 Quartos Twin t\u00eam vista para a cidade de Olh\u00e3o, s\u00e3o marcados por uma decora\u00e7\u00e3o em v\u00e1rias tonalidades de azul, criando uma harmonia entre o Hotel e Ria Formosa.","og_url":"https:\/\/www.realmarina.realhotelsgroup.com\/pt-pt\/quartos-e-suites\/quartos-twin-ou-duplo-com-vista-village\/","og_site_name":"Real Marina Hotel & Spa","article_modified_time":"2023-03-13T09:52:30+00:00","twitter_card":"summary_large_image","twitter_misc":{"Tempo estimado de leitura":"1 minuto"},"schema":{"@context":"https:\/\/schema.org","@graph":[{"@type":"WebPage","@id":"https:\/\/www.realmarina.realhotelsgroup.com\/pt-pt\/quartos-e-suites\/quartos-twin-ou-duplo-com-vista-village\/","url":"https:\/\/www.realmarina.realhotelsgroup.com\/pt-pt\/quartos-e-suites\/quartos-twin-ou-duplo-com-vista-village\/","name":"Quartos Twin ou Duplo com vista Village - Real Marina Hotel & Spa","isPartOf":{"@id":"https:\/\/www.realmarina.realhotelsgroup.com\/pt-pt\/#website"},"datePublished":"2020-11-13T11:35:46+00:00","dateModified":"2023-03-13T09:52:30+00:00","breadcrumb":{"@id":"https:\/\/www.realmarina.realhotelsgroup.com\/pt-pt\/quartos-e-suites\/quartos-twin-ou-duplo-com-vista-village\/#breadcrumb"},"inLanguage":"pt-PT","potentialAction":[{"@type":"ReadAction","target":["https:\/\/www.realmarina.realhotelsgroup.com\/pt-pt\/quartos-e-suites\/quartos-twin-ou-duplo-com-vista-village\/"]}]},{"@type":"BreadcrumbList","@id":"https:\/\/www.realmarina.realhotelsgroup.com\/pt-pt\/quartos-e-suites\/quartos-twin-ou-duplo-com-vista-village\/#breadcrumb","itemListElement":[{"@type":"ListItem","position":1,"name":"Home","item":"https:\/\/www.realmarina.realhotelsgroup.com\/pt-pt\/"},{"@type":"ListItem","position":2,"name":"Quartos e Suites","item":"https:\/\/www.realmarina.realhotelsgroup.com\/pt-pt\/quartos-e-suites\/"},{"@type":"ListItem","position":3,"name":"Quartos Twin ou Duplo com vista Village"}]},{"@type":"WebSite","@id":"https:\/\/www.realmarina.realhotelsgroup.com\/pt-pt\/#website","url":"https:\/\/www.realmarina.realhotelsgroup.com\/pt-pt\/","name":"Real Marina Hotel & Spa","description":"Just another ms.decms.eu site","potentialAction":[{"@type":"SearchAction","target":{"@type":"EntryPoint","urlTemplate":"https:\/\/www.realmarina.realhotelsgroup.com\/pt-pt\/?s={search_term_string}"},"query-input":{"@type":"PropertyValueSpecification","valueRequired":true,"valueName":"search_term_string"}}],"inLanguage":"pt-PT"}]}},"acf":[],"_links":{"self":[{"href":"https:\/\/www.realmarina.realhotelsgroup.com\/pt-pt\/wp-json\/wp\/v2\/pages\/103","targetHints":{"allow":["GET"]}}],"collection":[{"href":"https:\/\/www.realmarina.realhotelsgroup.com\/pt-pt\/wp-json\/wp\/v2\/pages"}],"about":[{"href":"https:\/\/www.realmarina.realhotelsgroup.com\/pt-pt\/wp-json\/wp\/v2\/types\/page"}],"author":[{"embeddable":true,"href":"https:\/\/www.realmarina.realhotelsgroup.com\/pt-pt\/wp-json\/wp\/v2\/users\/36"}],"replies":[{"embeddable":true,"href":"https:\/\/www.realmarina.realhotelsgroup.com\/pt-pt\/wp-json\/wp\/v2\/comments?post=103"}],"version-history":[{"count":0,"href":"https:\/\/www.realmarina.realhotelsgroup.com\/pt-pt\/wp-json\/wp\/v2\/pages\/103\/revisions"}],"up":[{"embeddable":true,"href":"https:\/\/www.realmarina.realhotelsgroup.com\/pt-pt\/wp-json\/wp\/v2\/pages\/93"}],"wp:attachment":[{"href":"https:\/\/www.realmarina.realhotelsgroup.com\/pt-pt\/wp-json\/wp\/v2\/media?parent=103"}],"curies":[{"name":"wp","href":"https:\/\/api.w.org\/{rel}","templated":true}]}}